{"id":11543,"date":"2024-04-22T07:59:15","date_gmt":"2024-04-22T07:59:15","guid":{"rendered":"https:\/\/akademia-rozanski.pl\/faq\/"},"modified":"2026-04-07T10:31:54","modified_gmt":"2026-04-07T10:31:54","slug":"faq","status":"publish","type":"page","link":"https:\/\/akademia-rozanski.pl\/en\/faq\/","title":{"rendered":"FAQ"},"content":{"rendered":"<p>[et_pb_section fb_built=&#8221;1&#8243; _builder_version=&#8221;4.25.0&#8243; _module_preset=&#8221;default&#8221; global_colors_info=&#8221;{}&#8221;][et_pb_row _builder_version=&#8221;4.25.0&#8243; _module_preset=&#8221;default&#8221; global_colors_info=&#8221;{}&#8221;][et_pb_column type=&#8221;4_4&#8243; _builder_version=&#8221;4.25.0&#8243; _module_preset=&#8221;default&#8221; global_colors_info=&#8221;{}&#8221;][et_pb_toggle title=&#8221;What discounts are available to people purchasing online training at Dr. R\u00f3\u017ca\u0144ski Academy?&#8221; _builder_version=&#8221;4.27.5&#8243; background_size=&#8221;initial&#8221; background_position=&#8221;top_left&#8221; background_repeat=&#8221;repeat&#8221; global_colors_info=&#8221;{}&#8221;]<\/p>\n<p>Welcome.<\/p>\n<p>Dr. R\u00f3\u017ca\u0144ski Academy offers discounts on training courses.<br \/>PROMOTIONS AND DISCOUNTS:<br \/>1. Buy 2 courses and receive a 10% discount \u2013 PLN 1,800.00* after the discount.<br \/>2. Buy 3 courses and receive a 20% discount \u2013 PLN 2,400.00* after the discount.<br \/>3. Buy 4 courses and receive a 30% discount \u2013 PLN 2,800.00* after the discount.<br \/>4. Buy 5 courses and receive a 40% discount \u2013 PLN 3,000.00* after the discount.<br \/>5. Buy 6 courses and receive a 40% discount \u2013 PLN 3,600.00* after the discount.<\/p>\n<p style=\"border: 0px solid #e3e3e3; box-sizing: border-box; --tw-border-spacing-x: 0; --tw-border-spacing-y: 0; --tw-translate-x: 0; --tw-translate-y: 0; --tw-rotate: 0; --tw-skew-x: 0; --tw-skew-y: 0; --tw-scale-x: 1; --tw-scale-y: 1; --tw-scroll-snap-strictness: proximity; --tw-ring-offset-width: 0px; --tw-ring-offset-color: #fff; --tw-ring-color: rgba(69,89,164,.5); --tw-ring-offset-shadow: 0 0 transparent; --tw-ring-shadow: 0 0 transparent; --tw-shadow: 0 0 transparent; --tw-shadow-colored: 0 0 transparent; margin: 0px; display: inline;\">Discount for regular students who have already participated in at least 5 online training courses and paid the registration fee of PLN 300, are entitled to a permanent 40% discount on subsequent training courses for which they register.<\/p>\n<p>[\/et_pb_toggle][et_pb_toggle _builder_version=&#8221;4.27.5&#8243; background_size=&#8221;initial&#8221; background_position=&#8221;top_left&#8221; background_repeat=&#8221;repeat&#8221; hover_enabled=&#8221;0&#8243; global_colors_info=&#8221;{}&#8221; title=&#8221;When will I receive the training materials after the online classes?&#8221; sticky_enabled=&#8221;0&#8243;]Training materials and training recordings are available to the Participant within 7 business days from the end of the training.<br \/>\n[\/et_pb_toggle][et_pb_toggle _builder_version=&#8221;4.27.5&#8243; background_size=&#8221;initial&#8221; background_position=&#8221;top_left&#8221; background_repeat=&#8221;repeat&#8221; hover_enabled=&#8221;0&#8243; global_colors_info=&#8221;{}&#8221; title=&#8221;Will the person purchasing the online training receive a VAT invoice after settling the payment in the ActiveNow system?&#8221; admin_label=&#8221;Will the person purchasing the online training receive a VAT invoice after settling the payment in the ActiveNow system?&#8221; sticky_enabled=&#8221;0&#8243;]Yes.[\/et_pb_toggle][et_pb_toggle _builder_version=&#8221;4.27.5&#8243; background_size=&#8221;initial&#8221; background_position=&#8221;top_left&#8221; background_repeat=&#8221;repeat&#8221; hover_enabled=&#8221;0&#8243; global_colors_info=&#8221;{}&#8221; title=&#8221;How long will the training materials be available to online training participants?&#8221; sticky_enabled=&#8221;0&#8243;]The Dr. R\u00f3\u017ca\u0144ski Academy training materials are each made available to Participants for a period of 14 to 30 days.<br \/>\n[\/et_pb_toggle][et_pb_toggle _builder_version=&#8221;4.27.5&#8243; background_size=&#8221;initial&#8221; background_position=&#8221;top_left&#8221; background_repeat=&#8221;repeat&#8221; hover_enabled=&#8221;0&#8243; global_colors_info=&#8221;{}&#8221; title=&#8221;Will the training participant receive a certificate after completing the online training?&#8221; sticky_enabled=&#8221;0&#8243;]Yes. Training participants will receive a paper certificate by mail after completing the training. Upon request, an electronic version of the certificate can be sent within 7 days of completing the online training.<br \/>\n[\/et_pb_toggle][et_pb_toggle _builder_version=&#8221;4.27.5&#8243; background_size=&#8221;initial&#8221; background_position=&#8221;top_left&#8221; background_repeat=&#8221;repeat&#8221; hover_enabled=&#8221;0&#8243; global_colors_info=&#8221;{}&#8221; title=&#8221;How long do the online training courses organized by Dr. R\u00f3\u017ca\u0144ski Academy last?&#8221; sticky_enabled=&#8221;0&#8243;]<\/p>\n<p>Training sessions organized by the Dr. R\u00f3\u017ca\u0144ski Academy are one-day sessions conducted online. Participants can review the detailed schedule of scheduled training sessions in the training description, which is available at akademia-rozanski.pl.<\/p>\n<p>[\/et_pb_toggle][\/et_pb_column][\/et_pb_row][\/et_pb_section]<\/p>\n","protected":false},"excerpt":{"rendered":"<p>Welcome. Dr. R\u00f3\u017ca\u0144ski Academy offers discounts on training courses.PROMOTIONS AND DISCOUNTS:1. Buy 2 courses and receive a 10% discount \u2013 PLN 1,800.00* after the discount.2. Buy 3 courses and receive a 20% discount \u2013 PLN 2,400.00* after the discount.3. Buy 4 courses and receive a 30% discount \u2013 PLN 2,800.00* after the discount.4. Buy 5 [&hellip;]<\/p>\n","protected":false},"author":1,"featured_media":0,"parent":0,"menu_order":0,"comment_status":"closed","ping_status":"closed","template":"","meta":{"_et_pb_use_builder":"on","_et_pb_old_content":"","_et_gb_content_width":"","footnotes":""},"class_list":["post-11543","page","type-page","status-publish","hentry"],"yoast_head":"<!-- This site is optimized with the Yoast SEO plugin v27.3 - https:\/\/yoast.com\/product\/yoast-seo-wordpress\/ -->\n<title>FAQ - Akademia R\u00f3\u017ca\u0144ski<\/title>\n<meta name=\"robots\" content=\"index, follow, max-snippet:-1, max-image-preview:large, max-video-preview:-1\" \/>\n<link rel=\"canonical\" href=\"https:\/\/akademia-rozanski.pl\/en\/faq\/\" \/>\n<meta property=\"og:locale\" content=\"en_US\" \/>\n<meta property=\"og:type\" content=\"article\" \/>\n<meta property=\"og:title\" content=\"FAQ - Akademia R\u00f3\u017ca\u0144ski\" \/>\n<meta property=\"og:description\" content=\"Welcome. Dr. R\u00f3\u017ca\u0144ski Academy offers discounts on training courses.PROMOTIONS AND DISCOUNTS:1. Buy 2 courses and receive a 10% discount \u2013 PLN 1,800.00* after the discount.2. Buy 3 courses and receive a 20% discount \u2013 PLN 2,400.00* after the discount.3. Buy 4 courses and receive a 30% discount \u2013 PLN 2,800.00* after the discount.4. Buy 5 [&hellip;]\" \/>\n<meta property=\"og:url\" content=\"https:\/\/akademia-rozanski.pl\/en\/faq\/\" \/>\n<meta property=\"og:site_name\" content=\"Akademia R\u00f3\u017ca\u0144ski\" \/>\n<meta property=\"article:publisher\" content=\"https:\/\/www.facebook.com\/AkademiadrRozanskiego\" \/>\n<meta property=\"article:modified_time\" content=\"2026-04-07T10:31:54+00:00\" \/>\n<meta name=\"twitter:card\" content=\"summary_large_image\" \/>\n<meta name=\"twitter:label1\" content=\"Est. reading time\" \/>\n\t<meta name=\"twitter:data1\" content=\"2 minutes\" \/>\n<script type=\"application\/ld+json\" class=\"yoast-schema-graph\">{\"@context\":\"https:\\\/\\\/schema.org\",\"@graph\":[{\"@type\":\"WebPage\",\"@id\":\"https:\\\/\\\/akademia-rozanski.pl\\\/en\\\/faq\\\/\",\"url\":\"https:\\\/\\\/akademia-rozanski.pl\\\/en\\\/faq\\\/\",\"name\":\"FAQ - Akademia R\u00f3\u017ca\u0144ski\",\"isPartOf\":{\"@id\":\"https:\\\/\\\/akademia-rozanski.pl\\\/#website\"},\"datePublished\":\"2024-04-22T07:59:15+00:00\",\"dateModified\":\"2026-04-07T10:31:54+00:00\",\"breadcrumb\":{\"@id\":\"https:\\\/\\\/akademia-rozanski.pl\\\/en\\\/faq\\\/#breadcrumb\"},\"inLanguage\":\"en-US\",\"potentialAction\":[{\"@type\":\"ReadAction\",\"target\":[\"https:\\\/\\\/akademia-rozanski.pl\\\/en\\\/faq\\\/\"]}]},{\"@type\":\"BreadcrumbList\",\"@id\":\"https:\\\/\\\/akademia-rozanski.pl\\\/en\\\/faq\\\/#breadcrumb\",\"itemListElement\":[{\"@type\":\"ListItem\",\"position\":1,\"name\":\"Strona g\u0142\u00f3wna\",\"item\":\"https:\\\/\\\/akademia-rozanski.pl\\\/en\\\/\"},{\"@type\":\"ListItem\",\"position\":2,\"name\":\"FAQ\"}]},{\"@type\":\"WebSite\",\"@id\":\"https:\\\/\\\/akademia-rozanski.pl\\\/#website\",\"url\":\"https:\\\/\\\/akademia-rozanski.pl\\\/\",\"name\":\"Akademia R\u00f3\u017ca\u0144ski\",\"description\":\"\",\"publisher\":{\"@id\":\"https:\\\/\\\/akademia-rozanski.pl\\\/#organization\"},\"potentialAction\":[{\"@type\":\"SearchAction\",\"target\":{\"@type\":\"EntryPoint\",\"urlTemplate\":\"https:\\\/\\\/akademia-rozanski.pl\\\/?s={search_term_string}\"},\"query-input\":{\"@type\":\"PropertyValueSpecification\",\"valueRequired\":true,\"valueName\":\"search_term_string\"}}],\"inLanguage\":\"en-US\"},{\"@type\":\"Organization\",\"@id\":\"https:\\\/\\\/akademia-rozanski.pl\\\/#organization\",\"name\":\"Akademia dr R\u00f3\u017ca\u0144skiego\",\"url\":\"https:\\\/\\\/akademia-rozanski.pl\\\/\",\"logo\":{\"@type\":\"ImageObject\",\"inLanguage\":\"en-US\",\"@id\":\"https:\\\/\\\/akademia-rozanski.pl\\\/#\\\/schema\\\/logo\\\/image\\\/\",\"url\":\"https:\\\/\\\/akademia-rozanski.pl\\\/wp-content\\\/uploads\\\/2024\\\/04\\\/logo.png\",\"contentUrl\":\"https:\\\/\\\/akademia-rozanski.pl\\\/wp-content\\\/uploads\\\/2024\\\/04\\\/logo.png\",\"width\":377,\"height\":167,\"caption\":\"Akademia dr R\u00f3\u017ca\u0144skiego\"},\"image\":{\"@id\":\"https:\\\/\\\/akademia-rozanski.pl\\\/#\\\/schema\\\/logo\\\/image\\\/\"},\"sameAs\":[\"https:\\\/\\\/www.facebook.com\\\/AkademiadrRozanskiego\",\"https:\\\/\\\/www.instagram.com\\\/akademiadrrozanskiego\"]}]}<\/script>\n<!-- \/ Yoast SEO plugin. -->","yoast_head_json":{"title":"FAQ - Akademia R\u00f3\u017ca\u0144ski","robots":{"index":"index","follow":"follow","max-snippet":"max-snippet:-1","max-image-preview":"max-image-preview:large","max-video-preview":"max-video-preview:-1"},"canonical":"https:\/\/akademia-rozanski.pl\/en\/faq\/","og_locale":"en_US","og_type":"article","og_title":"FAQ - Akademia R\u00f3\u017ca\u0144ski","og_description":"Welcome. Dr. R\u00f3\u017ca\u0144ski Academy offers discounts on training courses.PROMOTIONS AND DISCOUNTS:1. Buy 2 courses and receive a 10% discount \u2013 PLN 1,800.00* after the discount.2. Buy 3 courses and receive a 20% discount \u2013 PLN 2,400.00* after the discount.3. Buy 4 courses and receive a 30% discount \u2013 PLN 2,800.00* after the discount.4. Buy 5 [&hellip;]","og_url":"https:\/\/akademia-rozanski.pl\/en\/faq\/","og_site_name":"Akademia R\u00f3\u017ca\u0144ski","article_publisher":"https:\/\/www.facebook.com\/AkademiadrRozanskiego","article_modified_time":"2026-04-07T10:31:54+00:00","twitter_card":"summary_large_image","twitter_misc":{"Est. reading time":"2 minutes"},"schema":{"@context":"https:\/\/schema.org","@graph":[{"@type":"WebPage","@id":"https:\/\/akademia-rozanski.pl\/en\/faq\/","url":"https:\/\/akademia-rozanski.pl\/en\/faq\/","name":"FAQ - Akademia R\u00f3\u017ca\u0144ski","isPartOf":{"@id":"https:\/\/akademia-rozanski.pl\/#website"},"datePublished":"2024-04-22T07:59:15+00:00","dateModified":"2026-04-07T10:31:54+00:00","breadcrumb":{"@id":"https:\/\/akademia-rozanski.pl\/en\/faq\/#breadcrumb"},"inLanguage":"en-US","potentialAction":[{"@type":"ReadAction","target":["https:\/\/akademia-rozanski.pl\/en\/faq\/"]}]},{"@type":"BreadcrumbList","@id":"https:\/\/akademia-rozanski.pl\/en\/faq\/#breadcrumb","itemListElement":[{"@type":"ListItem","position":1,"name":"Strona g\u0142\u00f3wna","item":"https:\/\/akademia-rozanski.pl\/en\/"},{"@type":"ListItem","position":2,"name":"FAQ"}]},{"@type":"WebSite","@id":"https:\/\/akademia-rozanski.pl\/#website","url":"https:\/\/akademia-rozanski.pl\/","name":"Akademia R\u00f3\u017ca\u0144ski","description":"","publisher":{"@id":"https:\/\/akademia-rozanski.pl\/#organization"},"potentialAction":[{"@type":"SearchAction","target":{"@type":"EntryPoint","urlTemplate":"https:\/\/akademia-rozanski.pl\/?s={search_term_string}"},"query-input":{"@type":"PropertyValueSpecification","valueRequired":true,"valueName":"search_term_string"}}],"inLanguage":"en-US"},{"@type":"Organization","@id":"https:\/\/akademia-rozanski.pl\/#organization","name":"Akademia dr R\u00f3\u017ca\u0144skiego","url":"https:\/\/akademia-rozanski.pl\/","logo":{"@type":"ImageObject","inLanguage":"en-US","@id":"https:\/\/akademia-rozanski.pl\/#\/schema\/logo\/image\/","url":"https:\/\/akademia-rozanski.pl\/wp-content\/uploads\/2024\/04\/logo.png","contentUrl":"https:\/\/akademia-rozanski.pl\/wp-content\/uploads\/2024\/04\/logo.png","width":377,"height":167,"caption":"Akademia dr R\u00f3\u017ca\u0144skiego"},"image":{"@id":"https:\/\/akademia-rozanski.pl\/#\/schema\/logo\/image\/"},"sameAs":["https:\/\/www.facebook.com\/AkademiadrRozanskiego","https:\/\/www.instagram.com\/akademiadrrozanskiego"]}]}},"jetpack_sharing_enabled":true,"_links":{"self":[{"href":"https:\/\/akademia-rozanski.pl\/en\/wp-json\/wp\/v2\/pages\/11543","targetHints":{"allow":["GET"]}}],"collection":[{"href":"https:\/\/akademia-rozanski.pl\/en\/wp-json\/wp\/v2\/pages"}],"about":[{"href":"https:\/\/akademia-rozanski.pl\/en\/wp-json\/wp\/v2\/types\/page"}],"author":[{"embeddable":true,"href":"https:\/\/akademia-rozanski.pl\/en\/wp-json\/wp\/v2\/users\/1"}],"replies":[{"embeddable":true,"href":"https:\/\/akademia-rozanski.pl\/en\/wp-json\/wp\/v2\/comments?post=11543"}],"version-history":[{"count":2,"href":"https:\/\/akademia-rozanski.pl\/en\/wp-json\/wp\/v2\/pages\/11543\/revisions"}],"predecessor-version":[{"id":11547,"href":"https:\/\/akademia-rozanski.pl\/en\/wp-json\/wp\/v2\/pages\/11543\/revisions\/11547"}],"wp:attachment":[{"href":"https:\/\/akademia-rozanski.pl\/en\/wp-json\/wp\/v2\/media?parent=11543"}],"curies":[{"name":"wp","href":"https:\/\/api.w.org\/{rel}","templated":true}]}}