{"id":11550,"date":"2025-02-19T10:40:20","date_gmt":"2025-02-19T10:40:20","guid":{"rendered":"https:\/\/akademia-rozanski.pl\/basket\/"},"modified":"2026-04-07T10:37:21","modified_gmt":"2026-04-07T10:37:21","slug":"basket","status":"publish","type":"page","link":"https:\/\/akademia-rozanski.pl\/en\/basket\/","title":{"rendered":"Basket"},"content":{"rendered":"\n<div data-block-name=\"woocommerce\/cart\" class=\"wp-block-woocommerce-cart alignwide is-loading\">\n<div data-block-name=\"woocommerce\/filled-cart-block\" class=\"wp-block-woocommerce-filled-cart-block\">\n<div data-block-name=\"woocommerce\/cart-items-block\" class=\"wp-block-woocommerce-cart-items-block\">\n<div data-block-name=\"woocommerce\/cart-line-items-block\" class=\"wp-block-woocommerce-cart-line-items-block\"> <\/div>\n\n\n\n<div data-block-name=\"woocommerce\/cart-cross-sells-block\" class=\"wp-block-woocommerce-cart-cross-sells-block\">\n<h2 class=\"wp-block-heading has-large-font-size\">See other equally interesting\u2026<br><br> <br> <br><\/h2>\n\n\n\n<div data-block-name=\"woocommerce\/cart-cross-sells-products-block\" class=\"wp-block-woocommerce-cart-cross-sells-products-block\"> <\/div>\n<\/div>\n<\/div>\n\n\n\n<div data-block-name=\"woocommerce\/cart-totals-block\" class=\"wp-block-woocommerce-cart-totals-block\">\n<div data-block-name=\"woocommerce\/cart-order-summary-block\" class=\"wp-block-woocommerce-cart-order-summary-block\">\n<div data-block-name=\"woocommerce\/cart-order-summary-heading-block\" class=\"wp-block-woocommerce-cart-order-summary-heading-block\"> <\/div><div data-block-name=\"woocommerce\/cart-order-summary-coupon-form-block\" class=\"wp-block-woocommerce-cart-order-summary-coupon-form-block\"> <\/div><div data-block-name=\"woocommerce\/cart-order-summary-totals-block\" class=\"wp-block-woocommerce-cart-order-summary-totals-block\">\n<div data-block-name=\"woocommerce\/cart-order-summary-subtotal-block\" class=\"wp-block-woocommerce-cart-order-summary-subtotal-block\"> <\/div>\n<div data-block-name=\"woocommerce\/cart-order-summary-discount-block\" class=\"wp-block-woocommerce-cart-order-summary-discount-block\"> <\/div>\n<div data-block-name=\"woocommerce\/cart-order-summary-fee-block\" class=\"wp-block-woocommerce-cart-order-summary-fee-block\"> <\/div>\n<div data-block-name=\"woocommerce\/cart-order-summary-shipping-block\" class=\"wp-block-woocommerce-cart-order-summary-shipping-block\"> <\/div>\n<div data-block-name=\"woocommerce\/cart-order-summary-taxes-block\" class=\"wp-block-woocommerce-cart-order-summary-taxes-block\"> <\/div><\/div>\n<\/div>\n\n\n\n<div data-block-name=\"woocommerce\/cart-express-payment-block\" class=\"wp-block-woocommerce-cart-express-payment-block\"> <\/div>\n\n\n\n<div data-block-name=\"woocommerce\/proceed-to-checkout-block\" class=\"wp-block-woocommerce-proceed-to-checkout-block\"> <\/div>\n\n\n\n<div data-block-name=\"woocommerce\/cart-accepted-payment-methods-block\" class=\"wp-block-woocommerce-cart-accepted-payment-methods-block\"> <\/div>\n<\/div>\n<\/div>\n\n\n\n<div data-block-name=\"woocommerce\/empty-cart-block\" class=\"wp-block-woocommerce-empty-cart-block\">\n<h2 class=\"wp-block-heading has-text-align-center with-empty-cart-icon wc-block-cart__empty-cart__title\">Your basket is currently empty!<br><br> <br> <br><\/h2>\n\n\n<hr class=\"wp-block-separator has-alpha-channel-opacity is-style-dots\">\n\n\n<h2 class=\"wp-block-heading has-text-align-center\">New in store<br><br> <br> <br><\/h2>\n\n\n<div data-block-name=\"woocommerce\/product-new\" data-columns=\"4\" data-rows=\"1\" class=\"wc-block-grid wp-block-product-new wp-block-woocommerce-product-new wc-block-product-new has-4-columns\"><ul class=\"wc-block-grid__products\"><li class=\"wc-block-grid__product\">\n\t\t\t\t<a href=\"https:\/\/akademia-rozanski.pl\/produkt\/chemotaksonomia-roslin-bulgarskich-ksiazka-dr-henryk-rozanski\/\" class=\"wc-block-grid__product-link\">\n\t\t\t\t\t\n\t\t\t\t\t<div class=\"wc-block-grid__product-image\"><img loading=\"lazy\" decoding=\"async\" width=\"300\" height=\"300\" src=\"https:\/\/akademia-rozanski.pl\/wp-content\/uploads\/2026\/03\/1.-chemotaksonomia-KSIAZKA-300x300.png\" class=\"attachment-woocommerce_thumbnail size-woocommerce_thumbnail\" alt=\"CHEMOTAKSONOMIA CZ. I\" \/><\/div>\n\t\t\t\t\t<div class=\"wc-block-grid__product-title\">KSI\u0104\u017bKA<\/div>\n\t\t\t\t<\/a>\n\t\t\t\t<div class=\"wc-block-grid__product-price price\"><span class=\"woocommerce-Price-amount amount\">249,00&nbsp;<span class=\"woocommerce-Price-currencySymbol\">&#122;&#322;<\/span><\/span><\/div>\n\t\t\t\t\n\t\t\t\t<div class=\"wp-block-button wc-block-grid__product-add-to-cart\"><a href=\"\/en\/wp-json\/wp\/v2\/pages\/11550?add-to-cart=11455\" aria-label=\"Add to cart: &ldquo;KSI\u0104\u017bKA&rdquo;\" data-quantity=\"1\" data-product_id=\"11455\" data-product_sku=\"KS2026\" data-price=\"249\" rel=\"nofollow\" class=\"wp-block-button__link  add_to_cart_button ajax_add_to_cart\">Add to cart<\/a><\/div>\n\t\t\t<\/li><li class=\"wc-block-grid__product\">\n\t\t\t\t<a href=\"https:\/\/akademia-rozanski.pl\/produkt\/floroterapia-czesc-iv-2\/\" class=\"wc-block-grid__product-link\">\n\t\t\t\t\t\n\t\t\t\t\t<div class=\"wc-block-grid__product-image\"><img loading=\"lazy\" decoding=\"async\" width=\"300\" height=\"300\" src=\"https:\/\/akademia-rozanski.pl\/wp-content\/uploads\/2025\/11\/Kopia-\u2013-Floroterapia-300x300.png\" class=\"attachment-woocommerce_thumbnail size-woocommerce_thumbnail\" alt=\"FLOROTERAPIA CZ\u0118\u015a\u0106 IV\" srcset=\"https:\/\/akademia-rozanski.pl\/wp-content\/uploads\/2025\/11\/Kopia-\u2013-Floroterapia-300x300.png 300w, https:\/\/akademia-rozanski.pl\/wp-content\/uploads\/2025\/11\/Kopia-\u2013-Floroterapia-150x150.png 150w, https:\/\/akademia-rozanski.pl\/wp-content\/uploads\/2025\/11\/Kopia-\u2013-Floroterapia-480x480.png 480w, https:\/\/akademia-rozanski.pl\/wp-content\/uploads\/2025\/11\/Kopia-\u2013-Floroterapia-100x100.png 100w, https:\/\/akademia-rozanski.pl\/wp-content\/uploads\/2025\/11\/Kopia-\u2013-Floroterapia.png 600w\" sizes=\"(max-width: 300px) 100vw, 300px\" \/><\/div>\n\t\t\t\t\t<div class=\"wc-block-grid__product-title\">FLOROTERAPIA CZ\u0118\u015a\u0106 IV<\/div>\n\t\t\t\t<\/a>\n\t\t\t\t<div class=\"wc-block-grid__product-price price\"><span class=\"woocommerce-Price-amount amount\">100,00&nbsp;<span class=\"woocommerce-Price-currencySymbol\">&#122;&#322;<\/span><\/span><\/div>\n\t\t\t\t\n\t\t\t\t<div class=\"wp-block-button wc-block-grid__product-add-to-cart\"><a href=\"\/en\/wp-json\/wp\/v2\/pages\/11550?add-to-cart=11269\" aria-label=\"Add to cart: &ldquo;FLOROTERAPIA CZ\u0118\u015a\u0106 IV&rdquo;\" data-quantity=\"1\" data-product_id=\"11269\" data-product_sku=\"\" data-price=\"100\" rel=\"nofollow\" class=\"wp-block-button__link  add_to_cart_button ajax_add_to_cart\">Add to cart<\/a><\/div>\n\t\t\t<\/li><li class=\"wc-block-grid__product\">\n\t\t\t\t<a href=\"https:\/\/akademia-rozanski.pl\/produkt\/floroterapia-czesc-iii\/\" class=\"wc-block-grid__product-link\">\n\t\t\t\t\t\n\t\t\t\t\t<div class=\"wc-block-grid__product-image\"><img loading=\"lazy\" decoding=\"async\" width=\"300\" height=\"300\" src=\"https:\/\/akademia-rozanski.pl\/wp-content\/uploads\/2025\/11\/4-_-foto-www-300x300.png\" class=\"attachment-woocommerce_thumbnail size-woocommerce_thumbnail\" alt=\"FLOROTERAPIA CZ\u0118\u015a\u0106 III\" \/><\/div>\n\t\t\t\t\t<div class=\"wc-block-grid__product-title\">FLOROTERAPIA CZ\u0118\u015a\u0106 III<\/div>\n\t\t\t\t<\/a>\n\t\t\t\t<div class=\"wc-block-grid__product-price price\"><span class=\"woocommerce-Price-amount amount\">100,00&nbsp;<span class=\"woocommerce-Price-currencySymbol\">&#122;&#322;<\/span><\/span><\/div>\n\t\t\t\t\n\t\t\t\t<div class=\"wp-block-button wc-block-grid__product-add-to-cart\"><a href=\"\/en\/wp-json\/wp\/v2\/pages\/11550?add-to-cart=11248\" aria-label=\"Add to cart: &ldquo;FLOROTERAPIA CZ\u0118\u015a\u0106 III&rdquo;\" data-quantity=\"1\" data-product_id=\"11248\" data-product_sku=\"\" data-price=\"100\" rel=\"nofollow\" class=\"wp-block-button__link  add_to_cart_button ajax_add_to_cart\">Add to cart<\/a><\/div>\n\t\t\t<\/li><li class=\"wc-block-grid__product\">\n\t\t\t\t<a href=\"https:\/\/akademia-rozanski.pl\/produkt\/floroterapia-czesc-ii\/\" class=\"wc-block-grid__product-link\">\n\t\t\t\t\t\n\t\t\t\t\t<div class=\"wc-block-grid__product-image\"><img loading=\"lazy\" decoding=\"async\" width=\"300\" height=\"300\" src=\"https:\/\/akademia-rozanski.pl\/wp-content\/uploads\/2025\/11\/4-_-foto-www-a-300x300.png\" class=\"attachment-woocommerce_thumbnail size-woocommerce_thumbnail\" alt=\"FLOROTERAPIA CZ\u0118\u015a\u0106 II\" \/><\/div>\n\t\t\t\t\t<div class=\"wc-block-grid__product-title\">FLOROTERAPIA CZ\u0118\u015a\u0106 II<\/div>\n\t\t\t\t<\/a>\n\t\t\t\t<div class=\"wc-block-grid__product-price price\"><span class=\"woocommerce-Price-amount amount\">100,00&nbsp;<span class=\"woocommerce-Price-currencySymbol\">&#122;&#322;<\/span><\/span><\/div>\n\t\t\t\t\n\t\t\t\t<div class=\"wp-block-button wc-block-grid__product-add-to-cart\"><a href=\"\/en\/wp-json\/wp\/v2\/pages\/11550?add-to-cart=11232\" aria-label=\"Add to cart: &ldquo;FLOROTERAPIA CZ\u0118\u015a\u0106 II&rdquo;\" data-quantity=\"1\" data-product_id=\"11232\" data-product_sku=\"\" data-price=\"100\" rel=\"nofollow\" class=\"wp-block-button__link  add_to_cart_button ajax_add_to_cart\">Add to cart<\/a><\/div>\n\t\t\t<\/li><\/ul><\/div><\/div>\n<\/div>\n","protected":false},"excerpt":{"rendered":"","protected":false},"author":1,"featured_media":0,"parent":0,"menu_order":0,"comment_status":"closed","ping_status":"closed","template":"","meta":{"_et_pb_use_builder":"","_et_pb_old_content":"","_et_gb_content_width":"","footnotes":""},"class_list":["post-11550","page","type-page","status-publish","hentry"],"yoast_head":"<!-- This site is optimized with the Yoast SEO plugin v27.3 - https:\/\/yoast.com\/product\/yoast-seo-wordpress\/ -->\n<title>Basket - Akademia R\u00f3\u017ca\u0144ski<\/title>\n<meta name=\"robots\" content=\"index, follow, max-snippet:-1, max-image-preview:large, max-video-preview:-1\" \/>\n<link rel=\"canonical\" href=\"https:\/\/akademia-rozanski.pl\/en\/basket\/\" \/>\n<meta property=\"og:locale\" content=\"en_US\" \/>\n<meta property=\"og:type\" content=\"article\" \/>\n<meta property=\"og:title\" content=\"Basket - Akademia R\u00f3\u017ca\u0144ski\" \/>\n<meta property=\"og:url\" content=\"https:\/\/akademia-rozanski.pl\/en\/basket\/\" \/>\n<meta property=\"og:site_name\" content=\"Akademia R\u00f3\u017ca\u0144ski\" \/>\n<meta property=\"article:publisher\" content=\"https:\/\/www.facebook.com\/AkademiadrRozanskiego\" \/>\n<meta property=\"article:modified_time\" content=\"2026-04-07T10:37:21+00:00\" \/>\n<meta name=\"twitter:card\" content=\"summary_large_image\" \/>\n<script type=\"application\/ld+json\" class=\"yoast-schema-graph\">{\"@context\":\"https:\\\/\\\/schema.org\",\"@graph\":[{\"@type\":\"WebPage\",\"@id\":\"https:\\\/\\\/akademia-rozanski.pl\\\/en\\\/basket\\\/\",\"url\":\"https:\\\/\\\/akademia-rozanski.pl\\\/en\\\/basket\\\/\",\"name\":\"Basket - Akademia R\u00f3\u017ca\u0144ski\",\"isPartOf\":{\"@id\":\"https:\\\/\\\/akademia-rozanski.pl\\\/#website\"},\"datePublished\":\"2025-02-19T10:40:20+00:00\",\"dateModified\":\"2026-04-07T10:37:21+00:00\",\"breadcrumb\":{\"@id\":\"https:\\\/\\\/akademia-rozanski.pl\\\/en\\\/basket\\\/#breadcrumb\"},\"inLanguage\":\"en-US\",\"potentialAction\":[{\"@type\":\"ReadAction\",\"target\":[\"https:\\\/\\\/akademia-rozanski.pl\\\/en\\\/basket\\\/\"]}]},{\"@type\":\"BreadcrumbList\",\"@id\":\"https:\\\/\\\/akademia-rozanski.pl\\\/en\\\/basket\\\/#breadcrumb\",\"itemListElement\":[{\"@type\":\"ListItem\",\"position\":1,\"name\":\"Strona g\u0142\u00f3wna\",\"item\":\"https:\\\/\\\/akademia-rozanski.pl\\\/en\\\/\"},{\"@type\":\"ListItem\",\"position\":2,\"name\":\"Basket\"}]},{\"@type\":\"WebSite\",\"@id\":\"https:\\\/\\\/akademia-rozanski.pl\\\/#website\",\"url\":\"https:\\\/\\\/akademia-rozanski.pl\\\/\",\"name\":\"Akademia R\u00f3\u017ca\u0144ski\",\"description\":\"\",\"publisher\":{\"@id\":\"https:\\\/\\\/akademia-rozanski.pl\\\/#organization\"},\"potentialAction\":[{\"@type\":\"SearchAction\",\"target\":{\"@type\":\"EntryPoint\",\"urlTemplate\":\"https:\\\/\\\/akademia-rozanski.pl\\\/?s={search_term_string}\"},\"query-input\":{\"@type\":\"PropertyValueSpecification\",\"valueRequired\":true,\"valueName\":\"search_term_string\"}}],\"inLanguage\":\"en-US\"},{\"@type\":\"Organization\",\"@id\":\"https:\\\/\\\/akademia-rozanski.pl\\\/#organization\",\"name\":\"Akademia dr R\u00f3\u017ca\u0144skiego\",\"url\":\"https:\\\/\\\/akademia-rozanski.pl\\\/\",\"logo\":{\"@type\":\"ImageObject\",\"inLanguage\":\"en-US\",\"@id\":\"https:\\\/\\\/akademia-rozanski.pl\\\/#\\\/schema\\\/logo\\\/image\\\/\",\"url\":\"https:\\\/\\\/akademia-rozanski.pl\\\/wp-content\\\/uploads\\\/2024\\\/04\\\/logo.png\",\"contentUrl\":\"https:\\\/\\\/akademia-rozanski.pl\\\/wp-content\\\/uploads\\\/2024\\\/04\\\/logo.png\",\"width\":377,\"height\":167,\"caption\":\"Akademia dr R\u00f3\u017ca\u0144skiego\"},\"image\":{\"@id\":\"https:\\\/\\\/akademia-rozanski.pl\\\/#\\\/schema\\\/logo\\\/image\\\/\"},\"sameAs\":[\"https:\\\/\\\/www.facebook.com\\\/AkademiadrRozanskiego\",\"https:\\\/\\\/www.instagram.com\\\/akademiadrrozanskiego\"]}]}<\/script>\n<!-- \/ Yoast SEO plugin. -->","yoast_head_json":{"title":"Basket - Akademia R\u00f3\u017ca\u0144ski","robots":{"index":"index","follow":"follow","max-snippet":"max-snippet:-1","max-image-preview":"max-image-preview:large","max-video-preview":"max-video-preview:-1"},"canonical":"https:\/\/akademia-rozanski.pl\/en\/basket\/","og_locale":"en_US","og_type":"article","og_title":"Basket - Akademia R\u00f3\u017ca\u0144ski","og_url":"https:\/\/akademia-rozanski.pl\/en\/basket\/","og_site_name":"Akademia R\u00f3\u017ca\u0144ski","article_publisher":"https:\/\/www.facebook.com\/AkademiadrRozanskiego","article_modified_time":"2026-04-07T10:37:21+00:00","twitter_card":"summary_large_image","schema":{"@context":"https:\/\/schema.org","@graph":[{"@type":"WebPage","@id":"https:\/\/akademia-rozanski.pl\/en\/basket\/","url":"https:\/\/akademia-rozanski.pl\/en\/basket\/","name":"Basket - Akademia R\u00f3\u017ca\u0144ski","isPartOf":{"@id":"https:\/\/akademia-rozanski.pl\/#website"},"datePublished":"2025-02-19T10:40:20+00:00","dateModified":"2026-04-07T10:37:21+00:00","breadcrumb":{"@id":"https:\/\/akademia-rozanski.pl\/en\/basket\/#breadcrumb"},"inLanguage":"en-US","potentialAction":[{"@type":"ReadAction","target":["https:\/\/akademia-rozanski.pl\/en\/basket\/"]}]},{"@type":"BreadcrumbList","@id":"https:\/\/akademia-rozanski.pl\/en\/basket\/#breadcrumb","itemListElement":[{"@type":"ListItem","position":1,"name":"Strona g\u0142\u00f3wna","item":"https:\/\/akademia-rozanski.pl\/en\/"},{"@type":"ListItem","position":2,"name":"Basket"}]},{"@type":"WebSite","@id":"https:\/\/akademia-rozanski.pl\/#website","url":"https:\/\/akademia-rozanski.pl\/","name":"Akademia R\u00f3\u017ca\u0144ski","description":"","publisher":{"@id":"https:\/\/akademia-rozanski.pl\/#organization"},"potentialAction":[{"@type":"SearchAction","target":{"@type":"EntryPoint","urlTemplate":"https:\/\/akademia-rozanski.pl\/?s={search_term_string}"},"query-input":{"@type":"PropertyValueSpecification","valueRequired":true,"valueName":"search_term_string"}}],"inLanguage":"en-US"},{"@type":"Organization","@id":"https:\/\/akademia-rozanski.pl\/#organization","name":"Akademia dr R\u00f3\u017ca\u0144skiego","url":"https:\/\/akademia-rozanski.pl\/","logo":{"@type":"ImageObject","inLanguage":"en-US","@id":"https:\/\/akademia-rozanski.pl\/#\/schema\/logo\/image\/","url":"https:\/\/akademia-rozanski.pl\/wp-content\/uploads\/2024\/04\/logo.png","contentUrl":"https:\/\/akademia-rozanski.pl\/wp-content\/uploads\/2024\/04\/logo.png","width":377,"height":167,"caption":"Akademia dr R\u00f3\u017ca\u0144skiego"},"image":{"@id":"https:\/\/akademia-rozanski.pl\/#\/schema\/logo\/image\/"},"sameAs":["https:\/\/www.facebook.com\/AkademiadrRozanskiego","https:\/\/www.instagram.com\/akademiadrrozanskiego"]}]}},"jetpack_sharing_enabled":true,"_links":{"self":[{"href":"https:\/\/akademia-rozanski.pl\/en\/wp-json\/wp\/v2\/pages\/11550","targetHints":{"allow":["GET"]}}],"collection":[{"href":"https:\/\/akademia-rozanski.pl\/en\/wp-json\/wp\/v2\/pages"}],"about":[{"href":"https:\/\/akademia-rozanski.pl\/en\/wp-json\/wp\/v2\/types\/page"}],"author":[{"embeddable":true,"href":"https:\/\/akademia-rozanski.pl\/en\/wp-json\/wp\/v2\/users\/1"}],"replies":[{"embeddable":true,"href":"https:\/\/akademia-rozanski.pl\/en\/wp-json\/wp\/v2\/comments?post=11550"}],"version-history":[{"count":1,"href":"https:\/\/akademia-rozanski.pl\/en\/wp-json\/wp\/v2\/pages\/11550\/revisions"}],"predecessor-version":[{"id":11551,"href":"https:\/\/akademia-rozanski.pl\/en\/wp-json\/wp\/v2\/pages\/11550\/revisions\/11551"}],"wp:attachment":[{"href":"https:\/\/akademia-rozanski.pl\/en\/wp-json\/wp\/v2\/media?parent=11550"}],"curies":[{"name":"wp","href":"https:\/\/api.w.org\/{rel}","templated":true}]}}