{"id":11565,"date":"2024-04-22T07:59:09","date_gmt":"2024-04-22T07:59:09","guid":{"rendered":"https:\/\/akademia-rozanski.pl\/contact\/"},"modified":"2026-04-07T10:57:40","modified_gmt":"2026-04-07T10:57:40","slug":"contact","status":"publish","type":"page","link":"https:\/\/akademia-rozanski.pl\/en\/contact\/","title":{"rendered":"Contact"},"content":{"rendered":"<p>[et_pb_section fb_built=&#8221;1&#8243; _builder_version=&#8221;4.18.1&#8243; _module_preset=&#8221;default&#8221; background_image=&#8221;https:\/\/akademia-rozanski.pl\/wp-content\/uploads\/2024\/04\/ball-bg.png&#8221; filter_brightness=&#8221;104%&#8221; global_colors_info=&#8221;{}&#8221;][et_pb_row _builder_version=&#8221;4.16.0&#8243; _module_preset=&#8221;default&#8221; global_colors_info=&#8221;{}&#8221;][et_pb_column type=&#8221;4_4&#8243; _builder_version=&#8221;4.16.0&#8243; _module_preset=&#8221;default&#8221; global_colors_info=&#8221;{}&#8221;][et_pb_text _builder_version=&#8221;4.16.0&#8243; _module_preset=&#8221;default&#8221; header_2_text_color=&#8221;#b9b9b9&#8243; global_colors_info=&#8221;{}&#8221;]<\/p>\n<h2 style=\"text-align: center;\">CONTACT<\/h2>\n<p>[\/et_pb_text][\/et_pb_column][\/et_pb_row][\/et_pb_section][et_pb_section fb_built=&#8221;1&#8243; _builder_version=&#8221;4.16.0&#8243; _module_preset=&#8221;default&#8221; global_colors_info=&#8221;{}&#8221;][et_pb_row column_structure=&#8221;1_3,1_3,1_3&#8243; make_equal=&#8221;on&#8221; _builder_version=&#8221;4.16.0&#8243; _module_preset=&#8221;default&#8221; width=&#8221;65.3%&#8221; max_width=&#8221;1920px&#8221; custom_padding=&#8221;|||3%|false|false&#8221; global_colors_info=&#8221;{}&#8221;][et_pb_column type=&#8221;1_3&#8243; _builder_version=&#8221;4.16.0&#8243; _module_preset=&#8221;default&#8221; border_width_right=&#8221;2px&#8221; border_color_right=&#8221;#b9b9b9&#8243; global_colors_info=&#8221;{}&#8221;][et_pb_text _builder_version=&#8221;4.24.3&#8243; _module_preset=&#8221;default&#8221; header_3_font=&#8221;|600|||||||&#8221; header_3_text_color=&#8221;#fd8c02&#8243; header_3_font_size=&#8221;30px&#8221; global_colors_info=&#8221;{}&#8221;]<\/p>\n<h3>Contact us<\/p>\n<\/h3>\n<p>[\/et_pb_text][\/et_pb_column][et_pb_column type=&#8221;1_3&#8243; _builder_version=&#8221;4.16.0&#8243; _module_preset=&#8221;default&#8221; border_width_right=&#8221;2px&#8221; border_color_right=&#8221;#b9b9b9&#8243; global_colors_info=&#8221;{}&#8221;][et_pb_text _builder_version=&#8221;4.25.0&#8243; _module_preset=&#8221;default&#8221; min_height=&#8221;125.5px&#8221; custom_padding=&#8221;||0px|||&#8221; global_colors_info=&#8221;{}&#8221;]<\/p>\n<p>&nbsp;<\/p>\n<p><img loading=\"lazy\" decoding=\"async\" src=\"https:\/\/akademia-rozanski.pl\/wp-content\/uploads\/2024\/10\/LOGO-AHR-10.2024-r.-__ZIELEN-_POMARANCZ-300x110.png\" width=\"219\" height=\"77\" alt=\"\" class=\"wp-image-9997 alignnone size-medium\" style=\"display: block; margin-left: auto; margin-right: auto;\"><br \/><img loading=\"lazy\" decoding=\"async\" src=\"https:\/\/akademia-rozanski.pl\/wp-content\/uploads\/2024\/04\/logo-adiFeed-300x60.png\" width=\"120\" height=\"30\" alt=\"\" class=\"wp-image-8836 alignnone size-medium\" style=\"display: block; margin-left: auto; margin-right: auto;\"><\/p>\n<p>[\/et_pb_text][\/et_pb_column][et_pb_column type=&#8221;1_3&#8243; _builder_version=&#8221;4.16.0&#8243; _module_preset=&#8221;default&#8221; global_colors_info=&#8221;{}&#8221;][et_pb_blurb image=&#8221;https:\/\/akademia-rozanski.pl\/wp-content\/uploads\/2024\/04\/koperta-orange.png&#8221; icon_placement=&#8221;left&#8221; _builder_version=&#8221;4.24.3&#8243; _module_preset=&#8221;default&#8221; body_link_text_color=&#8221;#737373&#8243; custom_margin=&#8221;7%||10px||false|false&#8221; custom_padding=&#8221;0px||0px||false|false&#8221; global_colors_info=&#8221;{}&#8221;]<\/p>\n<p><a href=\"mailto:biuro@akademia-rozanski.pl\">e-mail: biuro@akademia-rozanski.pl<\/a><\/p>\n<p>[\/et_pb_blurb][et_pb_blurb image=&#8221;https:\/\/akademia-rozanski.pl\/wp-content\/uploads\/2024\/04\/sluchawka-orange.png&#8221; icon_placement=&#8221;left&#8221; _builder_version=&#8221;4.25.0&#8243; _module_preset=&#8221;default&#8221; body_link_font=&#8221;||||||||&#8221; body_link_text_color=&#8221;#737373&#8243; min_height=&#8221;14.6px&#8221; custom_margin=&#8221;5.4%||14px||false|false&#8221; global_colors_info=&#8221;{}&#8221;]<\/p>\n<p><a href=\"tel:%20+48607940132\">tel. +48 607 940 266<\/a><br \/><a href=\"tel:%20+48607940132\">tel. +48 607 940 132<\/a><\/p>\n<p>[\/et_pb_blurb][et_pb_text _builder_version=&#8221;4.25.0&#8243; _module_preset=&#8221;default&#8221; min_height=&#8221;18.9px&#8221; custom_margin=&#8221;||-16px|||&#8221; custom_padding=&#8221;0px|||||&#8221; global_colors_info=&#8221;{}&#8221;]<\/p>\n<p style=\"text-align: left;\"><img loading=\"lazy\" decoding=\"async\" src=\"https:\/\/akademia-rozanski.pl\/wp-content\/uploads\/2024\/04\/pin-orange.png\" width=\"20\" height=\"20\" alt=\"\" class=\"wp-image-8889 alignnone size-full\"> <span style=\"color: #31b08a;\"> <span style=\"color: #808080;\">ul. Merkurego 48D, <\/span><\/span><span style=\"color: #808080;\">05-825 Kozerki<\/span><\/p>\n<p>[\/et_pb_text][\/et_pb_column][\/et_pb_row][\/et_pb_section][et_pb_section fb_built=&#8221;1&#8243; _builder_version=&#8221;4.19.4&#8243; _module_preset=&#8221;default&#8221; custom_margin=&#8221;-25px||0px||false|false&#8221; custom_padding=&#8221;0px||0px||false|false&#8221; global_colors_info=&#8221;{}&#8221;][et_pb_row column_structure=&#8221;1_2,1_2&#8243; module_id=&#8221;form&#8221; _builder_version=&#8221;4.16.0&#8243; _module_preset=&#8221;default&#8221; z_index=&#8221;3&#8243; width=&#8221;65%&#8221; min_height=&#8221;234.5px&#8221; custom_margin=&#8221;-37px|auto||auto||&#8221; custom_padding=&#8221;9px||0px||false|false&#8221; custom_css_main_element=&#8221;z-index: 2!important;&#8221; global_colors_info=&#8221;{}&#8221;][et_pb_column type=&#8221;1_2&#8243; _builder_version=&#8221;4.16.0&#8243; _module_preset=&#8221;default&#8221; background_image=&#8221;https:\/\/akademia-rozanski.pl\/wp-content\/uploads\/2024\/04\/ball-bg.png&#8221; background_size=&#8221;initial&#8221; custom_padding=&#8221;4%||4%|5%|false|false&#8221; global_colors_info=&#8221;{}&#8221;][et_pb_text _builder_version=&#8221;4.16.0&#8243; _module_preset=&#8221;default&#8221; header_3_font=&#8221;|600|||||||&#8221; header_3_font_size=&#8221;30px&#8221; header_3_line_height=&#8221;1.3em&#8221; background_color=&#8221;#E09900&#8243; custom_margin=&#8221;|-74px||||&#8221; custom_padding=&#8221;|22px||||&#8221; border_radii=&#8221;on|30px|30px|30px|30px&#8221; global_colors_info=&#8221;{}&#8221;]<\/p>\n<h3 style=\"text-align: center;\"><span style=\"color: #ffffff;\">Have a question?<\/p>\n<p><\/span><br \/><span style=\"color: #ffffff;\">Fill out the form<\/p>\n<p><\/span><\/h3>\n<p>[\/et_pb_text][\/et_pb_column][et_pb_column type=&#8221;1_2&#8243; _builder_version=&#8221;4.16&#8243; _module_preset=&#8221;default&#8221; global_colors_info=&#8221;{}&#8221;][\/et_pb_column][\/et_pb_row][et_pb_row _builder_version=&#8221;4.16.0&#8243; _module_preset=&#8221;default&#8221; z_index=&#8221;5&#8243; min_height=&#8221;528px&#8221; custom_padding=&#8221;0px||14px||false|false&#8221; global_colors_info=&#8221;{}&#8221;][et_pb_column type=&#8221;4_4&#8243; _builder_version=&#8221;4.16&#8243; _module_preset=&#8221;default&#8221; global_colors_info=&#8221;{}&#8221;][et_pb_contact_form email=&#8221;biuro@akademia-rozanski.pl&#8221; custom_message=&#8221;Imi\u0119: %%Name%%||et_pb_line_break_holder||Nazwisko: %%Surname%%||et_pb_line_break_holder||Telefon: %%Telefon%%||et_pb_line_break_holder||Email: %%Email%%||et_pb_line_break_holder||Wiadomo\u015b\u0107: %%Message%%||et_pb_line_break_holder||Zgoda 1: %%rodo1%%||et_pb_line_break_holder||Zgoda 2: %%rodo2%%||et_pb_line_break_holder||&#8221; success_message=&#8221;Thank you for sending your message, we will contact you as soon as possible.&#8221; submit_button_text=&#8221;SEND&#8221; _builder_version=&#8221;4.27.5&#8243; _module_preset=&#8221;default&#8221; _unique_id=&#8221;138906c4-9025-4645-b911-e7af5a0c515c&#8221; form_field_background_color=&#8221;#FFFFFF&#8221; form_field_text_color=&#8221;#474747&#8243; form_field_focus_background_color=&#8221;#FFFFFF&#8221; form_field_focus_text_color=&#8221;#474747&#8243; captcha_text_color=&#8221;#E09900&#8243; custom_button=&#8221;on&#8221; button_text_size=&#8221;16px&#8221; button_text_color=&#8221;#fd8c02&#8243; button_bg_color=&#8221;#FFFFFF&#8221; button_border_color=&#8221;#FFFFFF&#8221; button_font=&#8221;|||on|||||&#8221; button_use_icon=&#8221;off&#8221; button_custom_padding=&#8221;10px|50px|10px|50px|false|false&#8221; button_custom_padding_tablet=&#8221;10px|50px|10px|50px|false|false&#8221; button_custom_padding_phone=&#8221;10px|50px|10px|50px|false|false&#8221; button_custom_padding_last_edited=&#8221;on|phone&#8221; z_index=&#8221;5&#8243; min_height=&#8221;533.9px&#8221; custom_margin=&#8221;-32px||15px|||&#8221; custom_padding=&#8221;|69px|0px|71px||&#8221; custom_padding_tablet=&#8221;&#8221; custom_padding_phone=&#8221;||50px||false|false&#8221; custom_padding_last_edited=&#8221;on|phone&#8221; hover_enabled=&#8221;0&#8243; custom_css_main_element=&#8221;z-index: 5!important;&#8221; border_radii=&#8221;on|8px|8px|8px|8px&#8221; border_width_all=&#8221;1px&#8221; border_color_all=&#8221;#E09900&#8243; locked=&#8221;off&#8221; global_colors_info=&#8221;{}&#8221; sticky_enabled=&#8221;0&#8243;][et_pb_contact_field field_id=&#8221;Name&#8221; field_title=&#8221;Name&#8221; _builder_version=&#8221;4.27.5&#8243; _module_preset=&#8221;default&#8221; hover_enabled=&#8221;0&#8243; custom_css_main_element=&#8221;Max-width: 25%;||Float: left;&#8221; global_colors_info=&#8221;{}&#8221; custom_css_main_element_last_edited=&#8221;on|phone&#8221; custom_css_main_element_tablet=&#8221;Max-width: 50%;||Float: left;&#8221; custom_css_main_element_phone=&#8221;Max-width: 100%;||Float: left;&#8221; sticky_enabled=&#8221;0&#8243;][\/et_pb_contact_field][et_pb_contact_field field_id=&#8221;Surname&#8221; field_title=&#8221;Surname&#8221; _builder_version=&#8221;4.27.5&#8243; _module_preset=&#8221;default&#8221; hover_enabled=&#8221;0&#8243; custom_css_main_element=&#8221;Max-width: 25%;||Float: left;&#8221; global_colors_info=&#8221;{}&#8221; custom_css_main_element_last_edited=&#8221;on|phone&#8221; custom_css_main_element_tablet=&#8221;Max-width: 50%;||Float: left;&#8221; custom_css_main_element_phone=&#8221;Max-width: 100%;||Float: left;&#8221; sticky_enabled=&#8221;0&#8243;][\/et_pb_contact_field][et_pb_contact_field field_id=&#8221;Telefon&#8221; field_title=&#8221;Phone&#8221; _builder_version=&#8221;4.27.5&#8243; _module_preset=&#8221;default&#8221; hover_enabled=&#8221;0&#8243; custom_css_main_element=&#8221;Max-width: 25%;||Float: left;||Clear: none !important;&#8221; global_colors_info=&#8221;{}&#8221; custom_css_main_element_last_edited=&#8221;on|phone&#8221; custom_css_main_element_tablet=&#8221;Max-width: 50%;||Float: left;&#8221; custom_css_main_element_phone=&#8221;Max-width: 100%;||Float: left;||&#8221; sticky_enabled=&#8221;0&#8243;][\/et_pb_contact_field][et_pb_contact_field field_id=&#8221;Email&#8221; field_title=&#8221;Email&#8221; _builder_version=&#8221;4.16&#8243; _module_preset=&#8221;default&#8221; custom_css_main_element=&#8221;Max-width: 25%;||Float: left;&#8221; global_colors_info=&#8221;{}&#8221; custom_css_main_element_last_edited=&#8221;on|phone&#8221; custom_css_main_element_tablet=&#8221;Max-width: 50%;||Float: left;&#8221; custom_css_main_element_phone=&#8221;Max-width: 100%;||Float: left;||&#8221;][\/et_pb_contact_field][et_pb_contact_field field_id=&#8221;Message&#8221; field_title=&#8221;Message&#8221; field_type=&#8221;text&#8221; fullwidth_field=&#8221;on&#8221; _builder_version=&#8221;4.27.5&#8243; hover_enabled=&#8221;0&#8243; global_colors_info=&#8221;{}&#8221; button_text_size__hover_enabled=&#8221;off&#8221; button_one_text_size__hover_enabled=&#8221;off&#8221; button_two_text_size__hover_enabled=&#8221;off&#8221; button_text_color__hover_enabled=&#8221;off&#8221; button_one_text_color__hover_enabled=&#8221;off&#8221; button_two_text_color__hover_enabled=&#8221;off&#8221; button_border_width__hover_enabled=&#8221;off&#8221; button_one_border_width__hover_enabled=&#8221;off&#8221; button_two_border_width__hover_enabled=&#8221;off&#8221; button_border_color__hover_enabled=&#8221;off&#8221; button_one_border_color__hover_enabled=&#8221;off&#8221; button_two_border_color__hover_enabled=&#8221;off&#8221; button_border_radius__hover_enabled=&#8221;off&#8221; button_one_border_radius__hover_enabled=&#8221;off&#8221; button_two_border_radius__hover_enabled=&#8221;off&#8221; button_letter_spacing__hover_enabled=&#8221;off&#8221; button_one_letter_spacing__hover_enabled=&#8221;off&#8221; button_two_letter_spacing__hover_enabled=&#8221;off&#8221; button_bg_color__hover_enabled=&#8221;off&#8221; button_one_bg_color__hover_enabled=&#8221;off&#8221; button_two_bg_color__hover_enabled=&#8221;off&#8221; sticky_enabled=&#8221;0&#8243;][\/et_pb_contact_field][et_pb_contact_field field_id=&#8221;rodo1&#8243; field_type=&#8221;checkbox&#8221; checkbox_options=&#8221;%91{%22value%22:%22I consent to receiving commercial information electronically to the e-mail address provided by me within the meaning of Article 10, Section 1 of the Act of 18 July 2002 on the provision of services by electronic means from the Dr. R\u00f3\u017ca\u0144ski Academy%22,%22checked%22:0,%22dragID%22:-1}%93&#8243; fullwidth_field=&#8221;on&#8221; _builder_version=&#8221;4.27.5&#8243; _module_preset=&#8221;default&#8221; form_field_text_color=&#8221;#474747&#8243; form_field_font=&#8221;|||on|||||&#8221; form_field_font_size=&#8221;12px&#8221; custom_margin=&#8221;|||20px|false|false&#8221; hover_enabled=&#8221;0&#8243; border_radii=&#8221;on|5px|5px|5px|5px&#8221; global_colors_info=&#8221;{}&#8221; sticky_enabled=&#8221;0&#8243;][\/et_pb_contact_field][et_pb_contact_field field_id=&#8221;rodo2&#8243; field_type=&#8221;checkbox&#8221; checkbox_options=&#8221;%91{%22value%22:%22I consent to the processing of my personal data within the meaning of Regulation (EU) 2016\/679 of the European Parliament and of the Council of 27 April 2016 on the protection of natural persons with regard to the processing of personal data and on the free movement of such data, and repealing Directive 95\/46\/EC (General Data Protection Regulation) (OJ EU L 119, 4.05.2016, p. 1, as amended) and the Act of 10 May 2018 on the Protection of Personal Data (Journal of Laws of 2018, item 1000) for marketing purposes by the Dr. R\u00f3\u017ca\u0144ski Academy and I declare that the provision of my personal data is voluntary and that I have been informed about the right to request access to, change and delete my personal data.%22,%22checked%22:0,%22dragID%22:-1}%93&#8243; fullwidth_field=&#8221;on&#8221; _builder_version=&#8221;4.27.5&#8243; _module_preset=&#8221;default&#8221; form_field_text_color=&#8221;#242424&#8243; form_field_font=&#8221;|||on|||||&#8221; form_field_font_size=&#8221;12px&#8221; custom_margin=&#8221;|20px||20px|false|false&#8221; hover_enabled=&#8221;0&#8243; border_radii=&#8221;on|5px|5px|5px|5px&#8221; global_colors_info=&#8221;{}&#8221; sticky_enabled=&#8221;0&#8243;][\/et_pb_contact_field][\/et_pb_contact_form][\/et_pb_column][\/et_pb_row][et_pb_row _builder_version=&#8221;4.25.0&#8243; _module_preset=&#8221;default&#8221; background_color=&#8221;RGBA(255,255,255,0)&#8221; background_enable_image=&#8221;off&#8221; module_alignment=&#8221;center&#8221; min_height=&#8221;100px&#8221; min_height_tablet=&#8221;400px&#8221; min_height_phone=&#8221;500px&#8221; min_height_last_edited=&#8221;on|phone&#8221; max_height=&#8221;600px&#8221; custom_margin=&#8221;-18%||||false|false&#8221; custom_margin_tablet=&#8221;-55%||||false|false&#8221; custom_margin_phone=&#8221;-140%||||false|false&#8221; custom_margin_last_edited=&#8221;on|phone&#8221; custom_padding=&#8221;||0px||false|false&#8221; global_colors_info=&#8221;{}&#8221;][et_pb_column type=&#8221;4_4&#8243; _builder_version=&#8221;4.25.0&#8243; _module_preset=&#8221;default&#8221; background_enable_pattern_style=&#8221;on&#8221; global_colors_info=&#8221;{}&#8221;][\/et_pb_column][\/et_pb_row][\/et_pb_section]<\/p>\n","protected":false},"excerpt":{"rendered":"<p>CONTACTContact us &nbsp; e-mail: biuro@akademia-rozanski.pltel. +48 607 940 266tel. +48 607 940 132 ul. Merkurego 48D, 05-825 KozerkiHave a question?Fill out the form<\/p>\n","protected":false},"author":1,"featured_media":0,"parent":0,"menu_order":0,"comment_status":"closed","ping_status":"closed","template":"","meta":{"_et_pb_use_builder":"on","_et_pb_old_content":"","_et_gb_content_width":"","footnotes":""},"class_list":["post-11565","page","type-page","status-publish","hentry"],"yoast_head":"<!-- This site is optimized with the Yoast SEO plugin v27.3 - https:\/\/yoast.com\/product\/yoast-seo-wordpress\/ -->\n<title>Contact - Akademia R\u00f3\u017ca\u0144ski<\/title>\n<meta name=\"robots\" content=\"index, follow, max-snippet:-1, max-image-preview:large, max-video-preview:-1\" \/>\n<link rel=\"canonical\" href=\"https:\/\/akademia-rozanski.pl\/en\/contact\/\" \/>\n<meta property=\"og:locale\" content=\"en_US\" \/>\n<meta property=\"og:type\" content=\"article\" \/>\n<meta property=\"og:title\" content=\"Contact - Akademia R\u00f3\u017ca\u0144ski\" \/>\n<meta property=\"og:description\" content=\"CONTACTContact us &nbsp; e-mail: biuro@akademia-rozanski.pltel. +48 607 940 266tel. +48 607 940 132 ul. Merkurego 48D, 05-825 KozerkiHave a question?Fill out the form\" \/>\n<meta property=\"og:url\" content=\"https:\/\/akademia-rozanski.pl\/en\/contact\/\" \/>\n<meta property=\"og:site_name\" content=\"Akademia R\u00f3\u017ca\u0144ski\" \/>\n<meta property=\"article:publisher\" content=\"https:\/\/www.facebook.com\/AkademiadrRozanskiego\" \/>\n<meta property=\"article:modified_time\" content=\"2026-04-07T10:57:40+00:00\" \/>\n<meta property=\"og:image\" content=\"https:\/\/akademia-rozanski.pl\/wp-content\/uploads\/2024\/10\/LOGO-AHR-10.2024-r.-__ZIELEN-_POMARANCZ.png\" \/>\n\t<meta property=\"og:image:width\" content=\"1771\" \/>\n\t<meta property=\"og:image:height\" content=\"648\" \/>\n\t<meta property=\"og:image:type\" content=\"image\/png\" \/>\n<meta name=\"twitter:card\" content=\"summary_large_image\" \/>\n<meta name=\"twitter:label1\" content=\"Est. reading time\" \/>\n\t<meta name=\"twitter:data1\" content=\"8 minutes\" \/>\n<script type=\"application\/ld+json\" class=\"yoast-schema-graph\">{\"@context\":\"https:\\\/\\\/schema.org\",\"@graph\":[{\"@type\":\"WebPage\",\"@id\":\"https:\\\/\\\/akademia-rozanski.pl\\\/en\\\/contact\\\/\",\"url\":\"https:\\\/\\\/akademia-rozanski.pl\\\/en\\\/contact\\\/\",\"name\":\"Contact - Akademia R\u00f3\u017ca\u0144ski\",\"isPartOf\":{\"@id\":\"https:\\\/\\\/akademia-rozanski.pl\\\/#website\"},\"primaryImageOfPage\":{\"@id\":\"https:\\\/\\\/akademia-rozanski.pl\\\/en\\\/contact\\\/#primaryimage\"},\"image\":{\"@id\":\"https:\\\/\\\/akademia-rozanski.pl\\\/en\\\/contact\\\/#primaryimage\"},\"thumbnailUrl\":\"https:\\\/\\\/akademia-rozanski.pl\\\/wp-content\\\/uploads\\\/2024\\\/10\\\/LOGO-AHR-10.2024-r.-__ZIELEN-_POMARANCZ-300x110.png\",\"datePublished\":\"2024-04-22T07:59:09+00:00\",\"dateModified\":\"2026-04-07T10:57:40+00:00\",\"breadcrumb\":{\"@id\":\"https:\\\/\\\/akademia-rozanski.pl\\\/en\\\/contact\\\/#breadcrumb\"},\"inLanguage\":\"en-US\",\"potentialAction\":[{\"@type\":\"ReadAction\",\"target\":[\"https:\\\/\\\/akademia-rozanski.pl\\\/en\\\/contact\\\/\"]}]},{\"@type\":\"ImageObject\",\"inLanguage\":\"en-US\",\"@id\":\"https:\\\/\\\/akademia-rozanski.pl\\\/en\\\/contact\\\/#primaryimage\",\"url\":\"https:\\\/\\\/akademia-rozanski.pl\\\/wp-content\\\/uploads\\\/2024\\\/10\\\/LOGO-AHR-10.2024-r.-__ZIELEN-_POMARANCZ-300x110.png\",\"contentUrl\":\"https:\\\/\\\/akademia-rozanski.pl\\\/wp-content\\\/uploads\\\/2024\\\/10\\\/LOGO-AHR-10.2024-r.-__ZIELEN-_POMARANCZ-300x110.png\"},{\"@type\":\"BreadcrumbList\",\"@id\":\"https:\\\/\\\/akademia-rozanski.pl\\\/en\\\/contact\\\/#breadcrumb\",\"itemListElement\":[{\"@type\":\"ListItem\",\"position\":1,\"name\":\"Strona g\u0142\u00f3wna\",\"item\":\"https:\\\/\\\/akademia-rozanski.pl\\\/en\\\/\"},{\"@type\":\"ListItem\",\"position\":2,\"name\":\"Contact\"}]},{\"@type\":\"WebSite\",\"@id\":\"https:\\\/\\\/akademia-rozanski.pl\\\/#website\",\"url\":\"https:\\\/\\\/akademia-rozanski.pl\\\/\",\"name\":\"Akademia R\u00f3\u017ca\u0144ski\",\"description\":\"\",\"publisher\":{\"@id\":\"https:\\\/\\\/akademia-rozanski.pl\\\/#organization\"},\"potentialAction\":[{\"@type\":\"SearchAction\",\"target\":{\"@type\":\"EntryPoint\",\"urlTemplate\":\"https:\\\/\\\/akademia-rozanski.pl\\\/?s={search_term_string}\"},\"query-input\":{\"@type\":\"PropertyValueSpecification\",\"valueRequired\":true,\"valueName\":\"search_term_string\"}}],\"inLanguage\":\"en-US\"},{\"@type\":\"Organization\",\"@id\":\"https:\\\/\\\/akademia-rozanski.pl\\\/#organization\",\"name\":\"Akademia dr R\u00f3\u017ca\u0144skiego\",\"url\":\"https:\\\/\\\/akademia-rozanski.pl\\\/\",\"logo\":{\"@type\":\"ImageObject\",\"inLanguage\":\"en-US\",\"@id\":\"https:\\\/\\\/akademia-rozanski.pl\\\/#\\\/schema\\\/logo\\\/image\\\/\",\"url\":\"https:\\\/\\\/akademia-rozanski.pl\\\/wp-content\\\/uploads\\\/2024\\\/04\\\/logo.png\",\"contentUrl\":\"https:\\\/\\\/akademia-rozanski.pl\\\/wp-content\\\/uploads\\\/2024\\\/04\\\/logo.png\",\"width\":377,\"height\":167,\"caption\":\"Akademia dr R\u00f3\u017ca\u0144skiego\"},\"image\":{\"@id\":\"https:\\\/\\\/akademia-rozanski.pl\\\/#\\\/schema\\\/logo\\\/image\\\/\"},\"sameAs\":[\"https:\\\/\\\/www.facebook.com\\\/AkademiadrRozanskiego\",\"https:\\\/\\\/www.instagram.com\\\/akademiadrrozanskiego\"]}]}<\/script>\n<!-- \/ Yoast SEO plugin. -->","yoast_head_json":{"title":"Contact - Akademia R\u00f3\u017ca\u0144ski","robots":{"index":"index","follow":"follow","max-snippet":"max-snippet:-1","max-image-preview":"max-image-preview:large","max-video-preview":"max-video-preview:-1"},"canonical":"https:\/\/akademia-rozanski.pl\/en\/contact\/","og_locale":"en_US","og_type":"article","og_title":"Contact - Akademia R\u00f3\u017ca\u0144ski","og_description":"CONTACTContact us &nbsp; e-mail: biuro@akademia-rozanski.pltel. +48 607 940 266tel. +48 607 940 132 ul. Merkurego 48D, 05-825 KozerkiHave a question?Fill out the form","og_url":"https:\/\/akademia-rozanski.pl\/en\/contact\/","og_site_name":"Akademia R\u00f3\u017ca\u0144ski","article_publisher":"https:\/\/www.facebook.com\/AkademiadrRozanskiego","article_modified_time":"2026-04-07T10:57:40+00:00","og_image":[{"width":1771,"height":648,"url":"https:\/\/akademia-rozanski.pl\/wp-content\/uploads\/2024\/10\/LOGO-AHR-10.2024-r.-__ZIELEN-_POMARANCZ.png","type":"image\/png"}],"twitter_card":"summary_large_image","twitter_misc":{"Est. reading time":"8 minutes"},"schema":{"@context":"https:\/\/schema.org","@graph":[{"@type":"WebPage","@id":"https:\/\/akademia-rozanski.pl\/en\/contact\/","url":"https:\/\/akademia-rozanski.pl\/en\/contact\/","name":"Contact - Akademia R\u00f3\u017ca\u0144ski","isPartOf":{"@id":"https:\/\/akademia-rozanski.pl\/#website"},"primaryImageOfPage":{"@id":"https:\/\/akademia-rozanski.pl\/en\/contact\/#primaryimage"},"image":{"@id":"https:\/\/akademia-rozanski.pl\/en\/contact\/#primaryimage"},"thumbnailUrl":"https:\/\/akademia-rozanski.pl\/wp-content\/uploads\/2024\/10\/LOGO-AHR-10.2024-r.-__ZIELEN-_POMARANCZ-300x110.png","datePublished":"2024-04-22T07:59:09+00:00","dateModified":"2026-04-07T10:57:40+00:00","breadcrumb":{"@id":"https:\/\/akademia-rozanski.pl\/en\/contact\/#breadcrumb"},"inLanguage":"en-US","potentialAction":[{"@type":"ReadAction","target":["https:\/\/akademia-rozanski.pl\/en\/contact\/"]}]},{"@type":"ImageObject","inLanguage":"en-US","@id":"https:\/\/akademia-rozanski.pl\/en\/contact\/#primaryimage","url":"https:\/\/akademia-rozanski.pl\/wp-content\/uploads\/2024\/10\/LOGO-AHR-10.2024-r.-__ZIELEN-_POMARANCZ-300x110.png","contentUrl":"https:\/\/akademia-rozanski.pl\/wp-content\/uploads\/2024\/10\/LOGO-AHR-10.2024-r.-__ZIELEN-_POMARANCZ-300x110.png"},{"@type":"BreadcrumbList","@id":"https:\/\/akademia-rozanski.pl\/en\/contact\/#breadcrumb","itemListElement":[{"@type":"ListItem","position":1,"name":"Strona g\u0142\u00f3wna","item":"https:\/\/akademia-rozanski.pl\/en\/"},{"@type":"ListItem","position":2,"name":"Contact"}]},{"@type":"WebSite","@id":"https:\/\/akademia-rozanski.pl\/#website","url":"https:\/\/akademia-rozanski.pl\/","name":"Akademia R\u00f3\u017ca\u0144ski","description":"","publisher":{"@id":"https:\/\/akademia-rozanski.pl\/#organization"},"potentialAction":[{"@type":"SearchAction","target":{"@type":"EntryPoint","urlTemplate":"https:\/\/akademia-rozanski.pl\/?s={search_term_string}"},"query-input":{"@type":"PropertyValueSpecification","valueRequired":true,"valueName":"search_term_string"}}],"inLanguage":"en-US"},{"@type":"Organization","@id":"https:\/\/akademia-rozanski.pl\/#organization","name":"Akademia dr R\u00f3\u017ca\u0144skiego","url":"https:\/\/akademia-rozanski.pl\/","logo":{"@type":"ImageObject","inLanguage":"en-US","@id":"https:\/\/akademia-rozanski.pl\/#\/schema\/logo\/image\/","url":"https:\/\/akademia-rozanski.pl\/wp-content\/uploads\/2024\/04\/logo.png","contentUrl":"https:\/\/akademia-rozanski.pl\/wp-content\/uploads\/2024\/04\/logo.png","width":377,"height":167,"caption":"Akademia dr R\u00f3\u017ca\u0144skiego"},"image":{"@id":"https:\/\/akademia-rozanski.pl\/#\/schema\/logo\/image\/"},"sameAs":["https:\/\/www.facebook.com\/AkademiadrRozanskiego","https:\/\/www.instagram.com\/akademiadrrozanskiego"]}]}},"jetpack_sharing_enabled":true,"_links":{"self":[{"href":"https:\/\/akademia-rozanski.pl\/en\/wp-json\/wp\/v2\/pages\/11565","targetHints":{"allow":["GET"]}}],"collection":[{"href":"https:\/\/akademia-rozanski.pl\/en\/wp-json\/wp\/v2\/pages"}],"about":[{"href":"https:\/\/akademia-rozanski.pl\/en\/wp-json\/wp\/v2\/types\/page"}],"author":[{"embeddable":true,"href":"https:\/\/akademia-rozanski.pl\/en\/wp-json\/wp\/v2\/users\/1"}],"replies":[{"embeddable":true,"href":"https:\/\/akademia-rozanski.pl\/en\/wp-json\/wp\/v2\/comments?post=11565"}],"version-history":[{"count":2,"href":"https:\/\/akademia-rozanski.pl\/en\/wp-json\/wp\/v2\/pages\/11565\/revisions"}],"predecessor-version":[{"id":11568,"href":"https:\/\/akademia-rozanski.pl\/en\/wp-json\/wp\/v2\/pages\/11565\/revisions\/11568"}],"wp:attachment":[{"href":"https:\/\/akademia-rozanski.pl\/en\/wp-json\/wp\/v2\/media?parent=11565"}],"curies":[{"name":"wp","href":"https:\/\/api.w.org\/{rel}","templated":true}]}}