{"id":11569,"date":"2024-07-31T07:45:28","date_gmt":"2024-07-31T07:45:28","guid":{"rendered":"https:\/\/akademia-rozanski.pl\/career\/"},"modified":"2026-04-07T11:00:27","modified_gmt":"2026-04-07T11:00:27","slug":"career","status":"publish","type":"page","link":"https:\/\/akademia-rozanski.pl\/en\/career\/","title":{"rendered":"career"},"content":{"rendered":"<p>[et_pb_section fb_built=&#8221;1&#8243; _builder_version=&#8221;4.18.1&#8243; _module_preset=&#8221;default&#8221; background_image=&#8221;https:\/\/akademia-rozanski.pl\/wp-content\/uploads\/2024\/04\/ball-bg.png&#8221; filter_brightness=&#8221;104%&#8221; global_colors_info=&#8221;{}&#8221;][et_pb_row _builder_version=&#8221;4.16.0&#8243; _module_preset=&#8221;default&#8221; global_colors_info=&#8221;{}&#8221;][et_pb_column type=&#8221;4_4&#8243; _builder_version=&#8221;4.16.0&#8243; _module_preset=&#8221;default&#8221; global_colors_info=&#8221;{}&#8221;][et_pb_text _builder_version=&#8221;4.21.0&#8243; _module_preset=&#8221;default&#8221; header_2_text_color=&#8221;#b9b9b9&#8243; global_colors_info=&#8221;{}&#8221;]<\/p>\n<h2 style=\"text-align: center;\">JOIN OUR TEAM<\/p>\n<\/h2>\n<p>[\/et_pb_text][\/et_pb_column][\/et_pb_row][\/et_pb_section][et_pb_section fb_built=&#8221;1&#8243; _builder_version=&#8221;4.18.1&#8243; _module_preset=&#8221;default&#8221; global_colors_info=&#8221;{}&#8221;][et_pb_row _builder_version=&#8221;4.23.1&#8243; _module_preset=&#8221;default&#8221; global_colors_info=&#8221;{}&#8221;][et_pb_column type=&#8221;4_4&#8243; _builder_version=&#8221;4.23.1&#8243; _module_preset=&#8221;default&#8221; global_colors_info=&#8221;{}&#8221;][et_pb_text _builder_version=&#8221;4.25.0&#8243; _module_preset=&#8221;default&#8221; custom_padding=&#8221;2%||||false|false&#8221; global_colors_info=&#8221;{}&#8221;]<\/p>\n<h4 style=\"text-align: center;\"><span style=\"color: #000000;\"><strong>CURRENT JOB OFFERS<\/p>\n<p><\/strong><\/span><\/h4>\n<p>[\/et_pb_text][\/et_pb_column][\/et_pb_row][et_pb_row _builder_version=&#8221;4.23.1&#8243; _module_preset=&#8221;default&#8221; global_colors_info=&#8221;{}&#8221;][et_pb_column type=&#8221;4_4&#8243; _builder_version=&#8221;4.23.1&#8243; _module_preset=&#8221;default&#8221; global_colors_info=&#8221;{}&#8221;][\/et_pb_column][\/et_pb_row][et_pb_row _builder_version=&#8221;4.25.0&#8243; _module_preset=&#8221;default&#8221; custom_padding=&#8221;5px|10%|0px|10%|false|false&#8221; link_option_url=&#8221;https:\/\/adifeed.pl\/wp-content\/uploads\/2023\/01\/adiSTIM-nowoczesny-silnie-skoncentrowany-produkt-fitoncydowy-dla-trzody-chlewnej.pdf&#8221; link_option_url_new_window=&#8221;on&#8221; border_color_bottom=&#8221;#c9c9c9&#8243; global_colors_info=&#8221;{}&#8221;][et_pb_column type=&#8221;4_4&#8243; _builder_version=&#8221;4.18.1&#8243; _module_preset=&#8221;default&#8221; global_colors_info=&#8221;{}&#8221;][et_pb_text _builder_version=&#8221;4.25.0&#8243; _module_preset=&#8221;default&#8221; custom_margin=&#8221;5px||||false|false&#8221; border_width_bottom=&#8221;1px&#8221; border_color_bottom=&#8221;#c9c9c9&#8243; global_colors_info=&#8221;{}&#8221;]<\/p>\n<h2 class=\"block__title\" style=\"text-align: center;\">Find your dream job<\/p>\n<\/h2>\n<p>&nbsp;<\/p>\n<p class=\"block__description\">We offer a wide range of development opportunities in various positions, from consulting, business development, purchasing, and finance, to HR, IT, and marketing. As a responsible employer, we understand how a friendly work environment impacts employee engagement and engagement. Are you looking for a secure workplace with opportunities for development? Do you already have professional experience or are just entering the job market? Discover the areas in which you can develop.<\/p>\n<h2 class=\"headline headline-xlarge m-b-30\" style=\"text-align: center;\"><\/h2>\n<p>[\/et_pb_text][\/et_pb_column][\/et_pb_row][et_pb_row use_custom_gutter=&#8221;on&#8221; gutter_width=&#8221;1&#8243; make_equal=&#8221;on&#8221; _builder_version=&#8221;4.25.0&#8243; _module_preset=&#8221;default&#8221; background_color=&#8221;rgba(0,0,0,0.03)&#8221; custom_padding=&#8221;2%||||false|false&#8221; custom_css_main_element=&#8221;margin-bottom: 1%;&#8221; locked=&#8221;off&#8221; global_colors_info=&#8221;{}&#8221;][et_pb_column type=&#8221;4_4&#8243; _builder_version=&#8221;4.16.0&#8243; _module_preset=&#8221;default&#8221; global_colors_info=&#8221;{}&#8221;][et_pb_button button_url=&#8221;https:\/\/akademia-rozanski.pl\/en\/contact\/#form&#8221; button_text=&#8221;WRITE TO US&#8221; button_alignment=&#8221;center&#8221; _builder_version=&#8221;4.27.5&#8243; _module_preset=&#8221;default&#8221; custom_button=&#8221;on&#8221; button_text_size=&#8221;16px&#8221; button_text_color=&#8221;#fd8c02&#8243; button_bg_color=&#8221;#FFFFFF&#8221; button_border_color=&#8221;#fd8c02&#8243; button_border_radius=&#8221;2px&#8221; button_icon=&#8221;&#x6a;||divi||400&#8243; custom_margin=&#8221;||||false|false&#8221; hover_enabled=&#8221;0&#8243; custom_css_main_element=&#8221;margin-bottom: 1%;&#8221; global_colors_info=&#8221;{}&#8221; sticky_enabled=&#8221;0&#8243;][\/et_pb_button][\/et_pb_column][\/et_pb_row][\/et_pb_section]<\/p>\n","protected":false},"excerpt":{"rendered":"<p>JOIN OUR TEAM CURRENT JOB OFFERS Find your dream job &nbsp; We offer a wide range of development opportunities in various positions, from consulting, business development, purchasing, and finance, to HR, IT, and marketing. As a responsible employer, we understand how a friendly work environment impacts employee engagement and engagement. Are you looking for a [&hellip;]<\/p>\n","protected":false},"author":1,"featured_media":0,"parent":0,"menu_order":0,"comment_status":"closed","ping_status":"closed","template":"","meta":{"_et_pb_use_builder":"on","_et_pb_old_content":"","_et_gb_content_width":"","footnotes":""},"class_list":["post-11569","page","type-page","status-publish","hentry"],"yoast_head":"<!-- This site is optimized with the Yoast SEO plugin v27.3 - https:\/\/yoast.com\/product\/yoast-seo-wordpress\/ -->\n<title>career - Akademia R\u00f3\u017ca\u0144ski<\/title>\n<meta name=\"robots\" content=\"index, follow, max-snippet:-1, max-image-preview:large, max-video-preview:-1\" \/>\n<link rel=\"canonical\" href=\"https:\/\/akademia-rozanski.pl\/en\/career\/\" \/>\n<meta property=\"og:locale\" content=\"en_US\" \/>\n<meta property=\"og:type\" content=\"article\" \/>\n<meta property=\"og:title\" content=\"career - Akademia R\u00f3\u017ca\u0144ski\" \/>\n<meta property=\"og:description\" content=\"JOIN OUR TEAM CURRENT JOB OFFERS Find your dream job &nbsp; We offer a wide range of development opportunities in various positions, from consulting, business development, purchasing, and finance, to HR, IT, and marketing. As a responsible employer, we understand how a friendly work environment impacts employee engagement and engagement. Are you looking for a [&hellip;]\" \/>\n<meta property=\"og:url\" content=\"https:\/\/akademia-rozanski.pl\/en\/career\/\" \/>\n<meta property=\"og:site_name\" content=\"Akademia R\u00f3\u017ca\u0144ski\" \/>\n<meta property=\"article:publisher\" content=\"https:\/\/www.facebook.com\/AkademiadrRozanskiego\" \/>\n<meta property=\"article:modified_time\" content=\"2026-04-07T11:00:27+00:00\" \/>\n<meta name=\"twitter:card\" content=\"summary_large_image\" \/>\n<meta name=\"twitter:label1\" content=\"Est. reading time\" \/>\n\t<meta name=\"twitter:data1\" content=\"1 minute\" \/>\n<script type=\"application\/ld+json\" class=\"yoast-schema-graph\">{\"@context\":\"https:\\\/\\\/schema.org\",\"@graph\":[{\"@type\":\"WebPage\",\"@id\":\"https:\\\/\\\/akademia-rozanski.pl\\\/en\\\/career\\\/\",\"url\":\"https:\\\/\\\/akademia-rozanski.pl\\\/en\\\/career\\\/\",\"name\":\"career - Akademia R\u00f3\u017ca\u0144ski\",\"isPartOf\":{\"@id\":\"https:\\\/\\\/akademia-rozanski.pl\\\/#website\"},\"datePublished\":\"2024-07-31T07:45:28+00:00\",\"dateModified\":\"2026-04-07T11:00:27+00:00\",\"breadcrumb\":{\"@id\":\"https:\\\/\\\/akademia-rozanski.pl\\\/en\\\/career\\\/#breadcrumb\"},\"inLanguage\":\"en-US\",\"potentialAction\":[{\"@type\":\"ReadAction\",\"target\":[\"https:\\\/\\\/akademia-rozanski.pl\\\/en\\\/career\\\/\"]}]},{\"@type\":\"BreadcrumbList\",\"@id\":\"https:\\\/\\\/akademia-rozanski.pl\\\/en\\\/career\\\/#breadcrumb\",\"itemListElement\":[{\"@type\":\"ListItem\",\"position\":1,\"name\":\"Strona g\u0142\u00f3wna\",\"item\":\"https:\\\/\\\/akademia-rozanski.pl\\\/en\\\/\"},{\"@type\":\"ListItem\",\"position\":2,\"name\":\"career\"}]},{\"@type\":\"WebSite\",\"@id\":\"https:\\\/\\\/akademia-rozanski.pl\\\/#website\",\"url\":\"https:\\\/\\\/akademia-rozanski.pl\\\/\",\"name\":\"Akademia R\u00f3\u017ca\u0144ski\",\"description\":\"\",\"publisher\":{\"@id\":\"https:\\\/\\\/akademia-rozanski.pl\\\/#organization\"},\"potentialAction\":[{\"@type\":\"SearchAction\",\"target\":{\"@type\":\"EntryPoint\",\"urlTemplate\":\"https:\\\/\\\/akademia-rozanski.pl\\\/?s={search_term_string}\"},\"query-input\":{\"@type\":\"PropertyValueSpecification\",\"valueRequired\":true,\"valueName\":\"search_term_string\"}}],\"inLanguage\":\"en-US\"},{\"@type\":\"Organization\",\"@id\":\"https:\\\/\\\/akademia-rozanski.pl\\\/#organization\",\"name\":\"Akademia dr R\u00f3\u017ca\u0144skiego\",\"url\":\"https:\\\/\\\/akademia-rozanski.pl\\\/\",\"logo\":{\"@type\":\"ImageObject\",\"inLanguage\":\"en-US\",\"@id\":\"https:\\\/\\\/akademia-rozanski.pl\\\/#\\\/schema\\\/logo\\\/image\\\/\",\"url\":\"https:\\\/\\\/akademia-rozanski.pl\\\/wp-content\\\/uploads\\\/2024\\\/04\\\/logo.png\",\"contentUrl\":\"https:\\\/\\\/akademia-rozanski.pl\\\/wp-content\\\/uploads\\\/2024\\\/04\\\/logo.png\",\"width\":377,\"height\":167,\"caption\":\"Akademia dr R\u00f3\u017ca\u0144skiego\"},\"image\":{\"@id\":\"https:\\\/\\\/akademia-rozanski.pl\\\/#\\\/schema\\\/logo\\\/image\\\/\"},\"sameAs\":[\"https:\\\/\\\/www.facebook.com\\\/AkademiadrRozanskiego\",\"https:\\\/\\\/www.instagram.com\\\/akademiadrrozanskiego\"]}]}<\/script>\n<!-- \/ Yoast SEO plugin. -->","yoast_head_json":{"title":"career - Akademia R\u00f3\u017ca\u0144ski","robots":{"index":"index","follow":"follow","max-snippet":"max-snippet:-1","max-image-preview":"max-image-preview:large","max-video-preview":"max-video-preview:-1"},"canonical":"https:\/\/akademia-rozanski.pl\/en\/career\/","og_locale":"en_US","og_type":"article","og_title":"career - Akademia R\u00f3\u017ca\u0144ski","og_description":"JOIN OUR TEAM CURRENT JOB OFFERS Find your dream job &nbsp; We offer a wide range of development opportunities in various positions, from consulting, business development, purchasing, and finance, to HR, IT, and marketing. As a responsible employer, we understand how a friendly work environment impacts employee engagement and engagement. Are you looking for a [&hellip;]","og_url":"https:\/\/akademia-rozanski.pl\/en\/career\/","og_site_name":"Akademia R\u00f3\u017ca\u0144ski","article_publisher":"https:\/\/www.facebook.com\/AkademiadrRozanskiego","article_modified_time":"2026-04-07T11:00:27+00:00","twitter_card":"summary_large_image","twitter_misc":{"Est. reading time":"1 minute"},"schema":{"@context":"https:\/\/schema.org","@graph":[{"@type":"WebPage","@id":"https:\/\/akademia-rozanski.pl\/en\/career\/","url":"https:\/\/akademia-rozanski.pl\/en\/career\/","name":"career - Akademia R\u00f3\u017ca\u0144ski","isPartOf":{"@id":"https:\/\/akademia-rozanski.pl\/#website"},"datePublished":"2024-07-31T07:45:28+00:00","dateModified":"2026-04-07T11:00:27+00:00","breadcrumb":{"@id":"https:\/\/akademia-rozanski.pl\/en\/career\/#breadcrumb"},"inLanguage":"en-US","potentialAction":[{"@type":"ReadAction","target":["https:\/\/akademia-rozanski.pl\/en\/career\/"]}]},{"@type":"BreadcrumbList","@id":"https:\/\/akademia-rozanski.pl\/en\/career\/#breadcrumb","itemListElement":[{"@type":"ListItem","position":1,"name":"Strona g\u0142\u00f3wna","item":"https:\/\/akademia-rozanski.pl\/en\/"},{"@type":"ListItem","position":2,"name":"career"}]},{"@type":"WebSite","@id":"https:\/\/akademia-rozanski.pl\/#website","url":"https:\/\/akademia-rozanski.pl\/","name":"Akademia R\u00f3\u017ca\u0144ski","description":"","publisher":{"@id":"https:\/\/akademia-rozanski.pl\/#organization"},"potentialAction":[{"@type":"SearchAction","target":{"@type":"EntryPoint","urlTemplate":"https:\/\/akademia-rozanski.pl\/?s={search_term_string}"},"query-input":{"@type":"PropertyValueSpecification","valueRequired":true,"valueName":"search_term_string"}}],"inLanguage":"en-US"},{"@type":"Organization","@id":"https:\/\/akademia-rozanski.pl\/#organization","name":"Akademia dr R\u00f3\u017ca\u0144skiego","url":"https:\/\/akademia-rozanski.pl\/","logo":{"@type":"ImageObject","inLanguage":"en-US","@id":"https:\/\/akademia-rozanski.pl\/#\/schema\/logo\/image\/","url":"https:\/\/akademia-rozanski.pl\/wp-content\/uploads\/2024\/04\/logo.png","contentUrl":"https:\/\/akademia-rozanski.pl\/wp-content\/uploads\/2024\/04\/logo.png","width":377,"height":167,"caption":"Akademia dr R\u00f3\u017ca\u0144skiego"},"image":{"@id":"https:\/\/akademia-rozanski.pl\/#\/schema\/logo\/image\/"},"sameAs":["https:\/\/www.facebook.com\/AkademiadrRozanskiego","https:\/\/www.instagram.com\/akademiadrrozanskiego"]}]}},"jetpack_sharing_enabled":true,"_links":{"self":[{"href":"https:\/\/akademia-rozanski.pl\/en\/wp-json\/wp\/v2\/pages\/11569","targetHints":{"allow":["GET"]}}],"collection":[{"href":"https:\/\/akademia-rozanski.pl\/en\/wp-json\/wp\/v2\/pages"}],"about":[{"href":"https:\/\/akademia-rozanski.pl\/en\/wp-json\/wp\/v2\/types\/page"}],"author":[{"embeddable":true,"href":"https:\/\/akademia-rozanski.pl\/en\/wp-json\/wp\/v2\/users\/1"}],"replies":[{"embeddable":true,"href":"https:\/\/akademia-rozanski.pl\/en\/wp-json\/wp\/v2\/comments?post=11569"}],"version-history":[{"count":1,"href":"https:\/\/akademia-rozanski.pl\/en\/wp-json\/wp\/v2\/pages\/11569\/revisions"}],"predecessor-version":[{"id":11571,"href":"https:\/\/akademia-rozanski.pl\/en\/wp-json\/wp\/v2\/pages\/11569\/revisions\/11571"}],"wp:attachment":[{"href":"https:\/\/akademia-rozanski.pl\/en\/wp-json\/wp\/v2\/media?parent=11569"}],"curies":[{"name":"wp","href":"https:\/\/api.w.org\/{rel}","templated":true}]}}