{"id":11600,"date":"2026-04-01T06:51:57","date_gmt":"2026-04-01T06:51:57","guid":{"rendered":"https:\/\/akademia-rozanski.pl\/produkt\/book\/"},"modified":"2026-04-07T12:00:01","modified_gmt":"2026-04-07T12:00:01","slug":"book","status":"publish","type":"product","link":"https:\/\/akademia-rozanski.pl\/en\/produkt\/book\/","title":{"rendered":"BOOK"},"content":{"rendered":"","protected":false},"excerpt":{"rendered":"<p>Author: PH.D. N. BIOL. HENRYK STANIS\u0141AW R\u00d3\u017bA\u0143SKI<br \/>\nPh.D., lecturer at the State Academy of Applied Sciences in Krosno <\/p>\n<p>Title: &#8220;CHEMOTAXONOMY OF SELECTED MEDICINAL PLANTS OF BULGARIA IN THE SYSTEM OF ALEXANDER ALFONSOVICH GROSSHEIM. SAFETY ASPECTS OF THE USE OF SELECTED HERBS OF BULGARIAN FLORA&#8221; &#8211; Part I<\/p>\n<ul>\n<li class=\"dF3vjf\" data-sfc-root=\"c\" data-sfc-cb=\"\" data-hveid=\"CAoQAg\" data-processed=\"true\"><span class=\"T286Pc\" data-sfc-cp=\"\" data-sfc-root=\"c\" data-sfc-cb=\"\" data-processed=\"true\">Number of pages: 120\n<p><\/span><\/li>\n<li class=\"dF3vjf\" data-sfc-root=\"c\" data-sfc-cb=\"\" data-hveid=\"CAoQBA\" data-processed=\"true\"><span class=\"T286Pc\" data-sfc-cp=\"\" data-sfc-root=\"c\" data-sfc-cb=\"\" data-processed=\"true\">Binding: Hardcover\n<p><\/span><\/li>\n<\/ul>\n<p>Polish<\/p>\n<ul>\n<li>Reviewers: Prof. Igor Britchenko, Doctor of Sciences <\/li>\n<li>Prof. Janusz Kilar, Doctor of Sciences <\/li>\n<li>Prof. Maksym Bezpartochnyi, Doctor of Economics <\/li>\n<li>Editor: Olga Emilova Zlatanova<\/li>\n<li>Corrector: Kameliya Koleva Aleksieva<\/li>\n<li>Prepress: Kameliya Koleva Aleksieva<\/li>\n<li>Cover: Kameliya Koleva Aleksieva<\/li>\n<\/ul>\n<p>Publisher: ANIS Academic publishing house, Plovdiv, Bulgaria<\/p>\n<p>Academic Publishing House \u2022 Digital printing \u2022 Advertising studio<\/p>\n<p>e-mail: pechatnica@anis.bg; tel.: +359 884 557 841; +359 882 392 740<\/p>\n<p>Plovdiv, Bulgaria, 2026<\/p>\n<p><span class=\"T286Pc\" data-sfc-cp=\"\" data-sfc-root=\"c\" data-sfc-cb=\"\" data-processed=\"true\"><strong class=\"Yjhzub\" data-sfc-root=\"c\" data-sfc-cb=\"\" data-processed=\"true\">ISBN <\/strong><\/span>(Print) 978-619-7774-35-1<br \/>\n<span class=\"T286Pc\" data-sfc-cp=\"\" data-sfc-root=\"c\" data-sfc-cb=\"\" data-processed=\"true\"><strong class=\"Yjhzub\" data-sfc-root=\"c\" data-sfc-cb=\"\" data-processed=\"true\">ISBN<\/strong><\/span> (Online) 978-619-7774-36-8<\/p>\n","protected":false},"featured_media":11580,"template":"","meta":{"_et_pb_use_builder":"on","_et_pb_old_content":"","_et_gb_content_width":""},"product_brand":[],"product_cat":[25],"product_tag":[],"class_list":{"0":"post-11600","1":"product","2":"type-product","3":"status-publish","4":"has-post-thumbnail","6":"product_cat-chemotaksonomia","8":"first","9":"instock","10":"taxable","11":"shipping-taxable","12":"purchasable","13":"product-type-simple"},"yoast_head":"<!-- This site is optimized with the Yoast SEO plugin v27.3 - https:\/\/yoast.com\/product\/yoast-seo-wordpress\/ -->\n<title>CHEMOTAKSONOMIA WYBRANYCH RO\u015aLIN LECZNICZYCH BU\u0141GARII Dr R\u00f3\u017ca\u0144ski - Akademia R\u00f3\u017ca\u0144ski<\/title>\n<meta name=\"description\" content=\"Looking for knowledge about Bulgarian plants? &#039;Chemotaxonomy of Bulgarian Plants by Dr. Henryk R\u00f3\u017ca\u0144ski&#039; is perfect for you! \ud83c\udf43\" \/>\n<meta name=\"robots\" content=\"index, follow, max-snippet:-1, max-image-preview:large, max-video-preview:-1\" \/>\n<link rel=\"canonical\" href=\"https:\/\/akademia-rozanski.pl\/produkt\/chemotaksonomia-roslin-bulgarskich-ksiazka-dr-henryk-rozanski\/\" \/>\n<meta property=\"og:locale\" content=\"en_US\" \/>\n<meta property=\"og:type\" content=\"article\" \/>\n<meta property=\"og:title\" content=\"CHEMOTAKSONOMIA WYBRANYCH RO\u015aLIN LECZNICZYCH BU\u0141GARII Dr R\u00f3\u017ca\u0144ski - Akademia R\u00f3\u017ca\u0144ski\" \/>\n<meta property=\"og:description\" content=\"Looking for knowledge about Bulgarian plants? &#039;Chemotaxonomy of Bulgarian Plants by Dr. Henryk R\u00f3\u017ca\u0144ski&#039; is perfect for you! \ud83c\udf43\" \/>\n<meta property=\"og:url\" content=\"https:\/\/akademia-rozanski.pl\/produkt\/chemotaksonomia-roslin-bulgarskich-ksiazka-dr-henryk-rozanski\/\" \/>\n<meta property=\"og:site_name\" content=\"Akademia R\u00f3\u017ca\u0144ski\" \/>\n<meta property=\"article:publisher\" content=\"https:\/\/www.facebook.com\/AkademiadrRozanskiego\" \/>\n<meta property=\"article:modified_time\" content=\"2026-04-07T12:00:01+00:00\" \/>\n<meta property=\"og:image\" content=\"https:\/\/akademia-rozanski.pl\/wp-content\/uploads\/2026\/03\/1.-chemotaksonomia-KSIAZKA.png\" \/>\n\t<meta property=\"og:image:width\" content=\"600\" \/>\n\t<meta property=\"og:image:height\" content=\"600\" \/>\n\t<meta property=\"og:image:type\" content=\"image\/png\" \/>\n<meta name=\"twitter:card\" content=\"summary_large_image\" \/>\n<script type=\"application\/ld+json\" class=\"yoast-schema-graph\">{\"@context\":\"https:\\\/\\\/schema.org\",\"@graph\":[{\"@type\":\"WebPage\",\"@id\":\"https:\\\/\\\/akademia-rozanski.pl\\\/produkt\\\/chemotaksonomia-roslin-bulgarskich-ksiazka-dr-henryk-rozanski\\\/\",\"url\":\"https:\\\/\\\/akademia-rozanski.pl\\\/produkt\\\/chemotaksonomia-roslin-bulgarskich-ksiazka-dr-henryk-rozanski\\\/\",\"name\":\"CHEMOTAKSONOMIA WYBRANYCH RO\u015aLIN LECZNICZYCH BU\u0141GARII Dr R\u00f3\u017ca\u0144ski - Akademia R\u00f3\u017ca\u0144ski\",\"isPartOf\":{\"@id\":\"https:\\\/\\\/akademia-rozanski.pl\\\/#website\"},\"primaryImageOfPage\":{\"@id\":\"https:\\\/\\\/akademia-rozanski.pl\\\/produkt\\\/chemotaksonomia-roslin-bulgarskich-ksiazka-dr-henryk-rozanski\\\/#primaryimage\"},\"image\":{\"@id\":\"https:\\\/\\\/akademia-rozanski.pl\\\/produkt\\\/chemotaksonomia-roslin-bulgarskich-ksiazka-dr-henryk-rozanski\\\/#primaryimage\"},\"thumbnailUrl\":\"https:\\\/\\\/akademia-rozanski.pl\\\/wp-content\\\/uploads\\\/2026\\\/03\\\/1.-chemotaksonomia-KSIAZKA.png\",\"datePublished\":\"2026-04-01T06:51:57+00:00\",\"dateModified\":\"2026-04-07T12:00:01+00:00\",\"description\":\"Looking for knowledge about Bulgarian plants? 'Chemotaxonomy of Bulgarian Plants by Dr. Henryk R\u00f3\u017ca\u0144ski' is perfect for you! \ud83c\udf43\",\"breadcrumb\":{\"@id\":\"https:\\\/\\\/akademia-rozanski.pl\\\/produkt\\\/chemotaksonomia-roslin-bulgarskich-ksiazka-dr-henryk-rozanski\\\/#breadcrumb\"},\"inLanguage\":\"en-US\",\"potentialAction\":[{\"@type\":\"ReadAction\",\"target\":[\"https:\\\/\\\/akademia-rozanski.pl\\\/produkt\\\/chemotaksonomia-roslin-bulgarskich-ksiazka-dr-henryk-rozanski\\\/\"]}]},{\"@type\":\"ImageObject\",\"inLanguage\":\"en-US\",\"@id\":\"https:\\\/\\\/akademia-rozanski.pl\\\/produkt\\\/chemotaksonomia-roslin-bulgarskich-ksiazka-dr-henryk-rozanski\\\/#primaryimage\",\"url\":\"https:\\\/\\\/akademia-rozanski.pl\\\/wp-content\\\/uploads\\\/2026\\\/03\\\/1.-chemotaksonomia-KSIAZKA.png\",\"contentUrl\":\"https:\\\/\\\/akademia-rozanski.pl\\\/wp-content\\\/uploads\\\/2026\\\/03\\\/1.-chemotaksonomia-KSIAZKA.png\",\"width\":600,\"height\":600,\"caption\":\"CHEMOTAKSONOMIA CZ. I\"},{\"@type\":\"BreadcrumbList\",\"@id\":\"https:\\\/\\\/akademia-rozanski.pl\\\/produkt\\\/chemotaksonomia-roslin-bulgarskich-ksiazka-dr-henryk-rozanski\\\/#breadcrumb\",\"itemListElement\":[{\"@type\":\"ListItem\",\"position\":1,\"name\":\"Strona g\u0142\u00f3wna\",\"item\":\"https:\\\/\\\/akademia-rozanski.pl\\\/en\\\/\"},{\"@type\":\"ListItem\",\"position\":2,\"name\":\"Sklep\",\"item\":\"https:\\\/\\\/akademia-rozanski.pl\\\/sklep\\\/\"},{\"@type\":\"ListItem\",\"position\":3,\"name\":\"BOOK\"}]},{\"@type\":\"WebSite\",\"@id\":\"https:\\\/\\\/akademia-rozanski.pl\\\/#website\",\"url\":\"https:\\\/\\\/akademia-rozanski.pl\\\/\",\"name\":\"Akademia R\u00f3\u017ca\u0144ski\",\"description\":\"\",\"publisher\":{\"@id\":\"https:\\\/\\\/akademia-rozanski.pl\\\/#organization\"},\"potentialAction\":[{\"@type\":\"SearchAction\",\"target\":{\"@type\":\"EntryPoint\",\"urlTemplate\":\"https:\\\/\\\/akademia-rozanski.pl\\\/?s={search_term_string}\"},\"query-input\":{\"@type\":\"PropertyValueSpecification\",\"valueRequired\":true,\"valueName\":\"search_term_string\"}}],\"inLanguage\":\"en-US\"},{\"@type\":\"Organization\",\"@id\":\"https:\\\/\\\/akademia-rozanski.pl\\\/#organization\",\"name\":\"Akademia dr R\u00f3\u017ca\u0144skiego\",\"url\":\"https:\\\/\\\/akademia-rozanski.pl\\\/\",\"logo\":{\"@type\":\"ImageObject\",\"inLanguage\":\"en-US\",\"@id\":\"https:\\\/\\\/akademia-rozanski.pl\\\/#\\\/schema\\\/logo\\\/image\\\/\",\"url\":\"https:\\\/\\\/akademia-rozanski.pl\\\/wp-content\\\/uploads\\\/2024\\\/04\\\/logo.png\",\"contentUrl\":\"https:\\\/\\\/akademia-rozanski.pl\\\/wp-content\\\/uploads\\\/2024\\\/04\\\/logo.png\",\"width\":377,\"height\":167,\"caption\":\"Akademia dr R\u00f3\u017ca\u0144skiego\"},\"image\":{\"@id\":\"https:\\\/\\\/akademia-rozanski.pl\\\/#\\\/schema\\\/logo\\\/image\\\/\"},\"sameAs\":[\"https:\\\/\\\/www.facebook.com\\\/AkademiadrRozanskiego\",\"https:\\\/\\\/www.instagram.com\\\/akademiadrrozanskiego\"]}]}<\/script>\n<!-- \/ Yoast SEO plugin. -->","yoast_head_json":{"title":"CHEMOTAKSONOMIA WYBRANYCH RO\u015aLIN LECZNICZYCH BU\u0141GARII Dr R\u00f3\u017ca\u0144ski - Akademia R\u00f3\u017ca\u0144ski","description":"Looking for knowledge about Bulgarian plants? 'Chemotaxonomy of Bulgarian Plants by Dr. Henryk R\u00f3\u017ca\u0144ski' is perfect for you! \ud83c\udf43","robots":{"index":"index","follow":"follow","max-snippet":"max-snippet:-1","max-image-preview":"max-image-preview:large","max-video-preview":"max-video-preview:-1"},"canonical":"https:\/\/akademia-rozanski.pl\/produkt\/chemotaksonomia-roslin-bulgarskich-ksiazka-dr-henryk-rozanski\/","og_locale":"en_US","og_type":"article","og_title":"CHEMOTAKSONOMIA WYBRANYCH RO\u015aLIN LECZNICZYCH BU\u0141GARII Dr R\u00f3\u017ca\u0144ski - Akademia R\u00f3\u017ca\u0144ski","og_description":"Looking for knowledge about Bulgarian plants? 'Chemotaxonomy of Bulgarian Plants by Dr. Henryk R\u00f3\u017ca\u0144ski' is perfect for you! \ud83c\udf43","og_url":"https:\/\/akademia-rozanski.pl\/produkt\/chemotaksonomia-roslin-bulgarskich-ksiazka-dr-henryk-rozanski\/","og_site_name":"Akademia R\u00f3\u017ca\u0144ski","article_publisher":"https:\/\/www.facebook.com\/AkademiadrRozanskiego","article_modified_time":"2026-04-07T12:00:01+00:00","og_image":[{"width":600,"height":600,"url":"https:\/\/akademia-rozanski.pl\/wp-content\/uploads\/2026\/03\/1.-chemotaksonomia-KSIAZKA.png","type":"image\/png"}],"twitter_card":"summary_large_image","schema":{"@context":"https:\/\/schema.org","@graph":[{"@type":"WebPage","@id":"https:\/\/akademia-rozanski.pl\/produkt\/chemotaksonomia-roslin-bulgarskich-ksiazka-dr-henryk-rozanski\/","url":"https:\/\/akademia-rozanski.pl\/produkt\/chemotaksonomia-roslin-bulgarskich-ksiazka-dr-henryk-rozanski\/","name":"CHEMOTAKSONOMIA WYBRANYCH RO\u015aLIN LECZNICZYCH BU\u0141GARII Dr R\u00f3\u017ca\u0144ski - Akademia R\u00f3\u017ca\u0144ski","isPartOf":{"@id":"https:\/\/akademia-rozanski.pl\/#website"},"primaryImageOfPage":{"@id":"https:\/\/akademia-rozanski.pl\/produkt\/chemotaksonomia-roslin-bulgarskich-ksiazka-dr-henryk-rozanski\/#primaryimage"},"image":{"@id":"https:\/\/akademia-rozanski.pl\/produkt\/chemotaksonomia-roslin-bulgarskich-ksiazka-dr-henryk-rozanski\/#primaryimage"},"thumbnailUrl":"https:\/\/akademia-rozanski.pl\/wp-content\/uploads\/2026\/03\/1.-chemotaksonomia-KSIAZKA.png","datePublished":"2026-04-01T06:51:57+00:00","dateModified":"2026-04-07T12:00:01+00:00","description":"Looking for knowledge about Bulgarian plants? 'Chemotaxonomy of Bulgarian Plants by Dr. Henryk R\u00f3\u017ca\u0144ski' is perfect for you! \ud83c\udf43","breadcrumb":{"@id":"https:\/\/akademia-rozanski.pl\/produkt\/chemotaksonomia-roslin-bulgarskich-ksiazka-dr-henryk-rozanski\/#breadcrumb"},"inLanguage":"en-US","potentialAction":[{"@type":"ReadAction","target":["https:\/\/akademia-rozanski.pl\/produkt\/chemotaksonomia-roslin-bulgarskich-ksiazka-dr-henryk-rozanski\/"]}]},{"@type":"ImageObject","inLanguage":"en-US","@id":"https:\/\/akademia-rozanski.pl\/produkt\/chemotaksonomia-roslin-bulgarskich-ksiazka-dr-henryk-rozanski\/#primaryimage","url":"https:\/\/akademia-rozanski.pl\/wp-content\/uploads\/2026\/03\/1.-chemotaksonomia-KSIAZKA.png","contentUrl":"https:\/\/akademia-rozanski.pl\/wp-content\/uploads\/2026\/03\/1.-chemotaksonomia-KSIAZKA.png","width":600,"height":600,"caption":"CHEMOTAKSONOMIA CZ. I"},{"@type":"BreadcrumbList","@id":"https:\/\/akademia-rozanski.pl\/produkt\/chemotaksonomia-roslin-bulgarskich-ksiazka-dr-henryk-rozanski\/#breadcrumb","itemListElement":[{"@type":"ListItem","position":1,"name":"Strona g\u0142\u00f3wna","item":"https:\/\/akademia-rozanski.pl\/en\/"},{"@type":"ListItem","position":2,"name":"Sklep","item":"https:\/\/akademia-rozanski.pl\/sklep\/"},{"@type":"ListItem","position":3,"name":"BOOK"}]},{"@type":"WebSite","@id":"https:\/\/akademia-rozanski.pl\/#website","url":"https:\/\/akademia-rozanski.pl\/","name":"Akademia R\u00f3\u017ca\u0144ski","description":"","publisher":{"@id":"https:\/\/akademia-rozanski.pl\/#organization"},"potentialAction":[{"@type":"SearchAction","target":{"@type":"EntryPoint","urlTemplate":"https:\/\/akademia-rozanski.pl\/?s={search_term_string}"},"query-input":{"@type":"PropertyValueSpecification","valueRequired":true,"valueName":"search_term_string"}}],"inLanguage":"en-US"},{"@type":"Organization","@id":"https:\/\/akademia-rozanski.pl\/#organization","name":"Akademia dr R\u00f3\u017ca\u0144skiego","url":"https:\/\/akademia-rozanski.pl\/","logo":{"@type":"ImageObject","inLanguage":"en-US","@id":"https:\/\/akademia-rozanski.pl\/#\/schema\/logo\/image\/","url":"https:\/\/akademia-rozanski.pl\/wp-content\/uploads\/2024\/04\/logo.png","contentUrl":"https:\/\/akademia-rozanski.pl\/wp-content\/uploads\/2024\/04\/logo.png","width":377,"height":167,"caption":"Akademia dr R\u00f3\u017ca\u0144skiego"},"image":{"@id":"https:\/\/akademia-rozanski.pl\/#\/schema\/logo\/image\/"},"sameAs":["https:\/\/www.facebook.com\/AkademiadrRozanskiego","https:\/\/www.instagram.com\/akademiadrrozanskiego"]}]}},"jetpack_sharing_enabled":true,"_links":{"self":[{"href":"https:\/\/akademia-rozanski.pl\/en\/wp-json\/wp\/v2\/product\/11600","targetHints":{"allow":["GET"]}}],"collection":[{"href":"https:\/\/akademia-rozanski.pl\/en\/wp-json\/wp\/v2\/product"}],"about":[{"href":"https:\/\/akademia-rozanski.pl\/en\/wp-json\/wp\/v2\/types\/product"}],"wp:featuredmedia":[{"embeddable":true,"href":"https:\/\/akademia-rozanski.pl\/en\/wp-json\/wp\/v2\/media\/11580"}],"wp:attachment":[{"href":"https:\/\/akademia-rozanski.pl\/en\/wp-json\/wp\/v2\/media?parent=11600"}],"wp:term":[{"taxonomy":"product_brand","embeddable":true,"href":"https:\/\/akademia-rozanski.pl\/en\/wp-json\/wp\/v2\/product_brand?post=11600"},{"taxonomy":"product_cat","embeddable":true,"href":"https:\/\/akademia-rozanski.pl\/en\/wp-json\/wp\/v2\/product_cat?post=11600"},{"taxonomy":"product_tag","embeddable":true,"href":"https:\/\/akademia-rozanski.pl\/en\/wp-json\/wp\/v2\/product_tag?post=11600"}],"curies":[{"name":"wp","href":"https:\/\/api.w.org\/{rel}","templated":true}]}}