{"id":11646,"date":"2025-05-22T09:13:46","date_gmt":"2025-05-22T09:13:46","guid":{"rendered":"https:\/\/akademia-rozanski.pl\/produkt\/gemmotherapy-part-i\/"},"modified":"2026-04-14T10:21:40","modified_gmt":"2026-04-14T10:21:40","slug":"gemmotherapy-part-i","status":"publish","type":"product","link":"https:\/\/akademia-rozanski.pl\/en\/produkt\/gemmotherapy-part-i\/","title":{"rendered":"GEMMOTHERAPY PART I"},"content":{"rendered":"<p>[et_pb_section fb_built=&#8221;1&#8243; _builder_version=&#8221;4.16&#8243; custom_padding=&#8221;0px||||false|false&#8221; global_colors_info=&#8221;{}&#8221;][et_pb_row _builder_version=&#8221;4.16&#8243; background_size=&#8221;initial&#8221; background_position=&#8221;top_left&#8221; background_repeat=&#8221;repeat&#8221; custom_padding=&#8221;0px||0px||false|false&#8221; global_colors_info=&#8221;{}&#8221;][et_pb_column type=&#8221;4_4&#8243; _builder_version=&#8221;4.16&#8243; custom_padding=&#8221;|||&#8221; global_colors_info=&#8221;{}&#8221; custom_padding__hover=&#8221;|||&#8221;][et_pb_wc_breadcrumb _builder_version=&#8221;4.16&#8243; global_colors_info=&#8221;{}&#8221;][\/et_pb_wc_breadcrumb][et_pb_wc_cart_notice _builder_version=&#8221;4.16&#8243; global_colors_info=&#8221;{}&#8221;][\/et_pb_wc_cart_notice][\/et_pb_column][\/et_pb_row][et_pb_row column_structure=&#8221;1_2,1_2&#8243; _builder_version=&#8221;4.16&#8243; background_size=&#8221;initial&#8221; background_position=&#8221;top_left&#8221; background_repeat=&#8221;repeat&#8221; custom_padding=&#8221;0px||||false|false&#8221; global_colors_info=&#8221;{}&#8221;][et_pb_column type=&#8221;1_2&#8243; _builder_version=&#8221;4.16&#8243; custom_padding=&#8221;|||&#8221; global_colors_info=&#8221;{}&#8221; custom_padding__hover=&#8221;|||&#8221;][et_pb_wc_images product=&#8221;10548&#8243; _builder_version=&#8221;4.25.0&#8243; link_option_url=&#8221;https:\/\/akademia-rozanski.pl\/produkt\/gemmoterapia-czesc-i\/&#8221; global_colors_info=&#8221;{}&#8221;][\/et_pb_wc_images][\/et_pb_column][et_pb_column type=&#8221;1_2&#8243; _builder_version=&#8221;4.16&#8243; custom_padding=&#8221;|||&#8221; global_colors_info=&#8221;{}&#8221; custom_padding__hover=&#8221;|||&#8221;][et_pb_wc_title _builder_version=&#8221;4.16&#8243; global_colors_info=&#8221;{}&#8221;][\/et_pb_wc_title][et_pb_wc_rating _builder_version=&#8221;4.16&#8243; global_colors_info=&#8221;{}&#8221;][\/et_pb_wc_rating][et_pb_wc_price _builder_version=&#8221;4.16&#8243; global_colors_info=&#8221;{}&#8221;][\/et_pb_wc_price][et_pb_wc_description _builder_version=&#8221;4.16&#8243; global_colors_info=&#8221;{}&#8221;][\/et_pb_wc_description][et_pb_wc_add_to_cart _builder_version=&#8221;4.16&#8243; global_colors_info=&#8221;{}&#8221;][\/et_pb_wc_add_to_cart][et_pb_wc_meta _builder_version=&#8221;4.16&#8243; global_colors_info=&#8221;{}&#8221;][\/et_pb_wc_meta][\/et_pb_column][\/et_pb_row][et_pb_row _builder_version=&#8221;4.16&#8243; background_size=&#8221;initial&#8221; background_position=&#8221;top_left&#8221; background_repeat=&#8221;repeat&#8221; global_colors_info=&#8221;{}&#8221;][et_pb_column type=&#8221;4_4&#8243; _builder_version=&#8221;4.16&#8243; custom_padding=&#8221;|||&#8221; global_colors_info=&#8221;{}&#8221; custom_padding__hover=&#8221;|||&#8221;][et_pb_wc_tabs _builder_version=&#8221;4.16&#8243; global_colors_info=&#8221;{}&#8221;]\t\t\t\t\t[\/et_pb_wc_tabs][et_pb_wc_upsells _builder_version=&#8221;4.16&#8243; global_colors_info=&#8221;{}&#8221;][\/et_pb_wc_upsells][et_pb_wc_related_products _builder_version=&#8221;4.16&#8243; global_colors_info=&#8221;{}&#8221;][\/et_pb_wc_related_products][\/et_pb_column][\/et_pb_row][\/et_pb_section]<\/p>\n","protected":false},"excerpt":{"rendered":"<p><span class=\"x193iq5w xeuugli x13faqbe x1vvkbs x1xmvt09 x1lliihq x1s928wv xhkezso x1gmr53x x1cpjm7i x1fgarty x1943h6x xudqn12 x3x7a5m x6prxxf xvq8zen xo1l8bm xzsf02u x1yc453h\" dir=\"auto\">TRAINING FORM: ONLINE LECTURE RECORDING<\/p>\n<p><\/span><\/p>\n<p><span class=\"x193iq5w xeuugli x13faqbe x1vvkbs x1xmvt09 x1lliihq x1s928wv xhkezso x1gmr53x x1cpjm7i x1fgarty x1943h6x xudqn12 x3x7a5m x6prxxf xvq8zen xo1l8bm xzsf02u x1yc453h\" dir=\"auto\">LECTURE TIME: 1.40 H<\/p>\n<p><\/span><\/p>\n<p>&nbsp;<\/p>\n<h5 class=\"et_pb_toggle_title\">PROGRAM:<\/h5>\n<div class=\"et_pb_toggle_content clearfix\">\n<p>1. INTRODUCTION TO GEMMOTHERAPY<\/p>\n<p>2. PROCESSING OF GEMMOTHERAPEUTIC RAW MATERIAL<\/p>\n<p>3. GEMMOTHERAPY THEN AND TODAY<\/p>\n<p>4. READY-MADE GEMMOTHERAPEUTIC PREPARATIONS<\/p>\n<h5 class=\"et_pb_toggle_title\">PARTICIPANT PROFILE:<\/h5>\n<p data-start=\"58\" data-end=\"465\">This training is intended for individuals interested in natural therapeutic methods, particularly phytotherapy and herbal medicine, who wish to expand their knowledge of gemmotherapy. Participants can be both natural medicine enthusiasts and practitioners: phytotherapists, naturopaths, pharmacists, dietitians, or natural therapists.<\/p>\n<p data-start=\"467\" data-end=\"823\">The &#8220;Gemmotherapy \u2013 Part I&#8221; training is the first of three online lectures offered by the Dr. R\u00f3\u017ca\u0144ski Academy. The material includes a recording of a lecture given by Dr. Henryk R\u00f3\u017ca\u0144ski, during which participants learn the basics of gemmotherapy, the processing of gemmotherapy raw materials, the historical background, and the characteristics of commercially available preparations.<\/p>\n<p data-start=\"825\" data-end=\"971\" data-is-last-node=\"\" data-is-only-node=\"\">We invite you to explore the next installments of training materials available for purchase at the Dr. R\u00f3\u017ca\u0144ski Academy. We encourage you to deepen your knowledge by creating a coherent and comprehensive educational path in the field of herbalism.<\/p>\n<h5 class=\"et_pb_toggle_title\">PAYMENTS:<\/h5>\n<p class=\"et_pb_toggle_title\">All payments made by the User to pay for access to the lecture recording will be made using the online payment method selected by the User via the Tpay system available on the Website. The final recipient of each payment will be AdiFeed Sp. z o.o.<\/p>\n<\/div>\n","protected":false},"featured_media":11647,"template":"","meta":{"_et_pb_use_builder":"on","_et_pb_old_content":"","_et_gb_content_width":""},"product_brand":[],"product_cat":[22],"product_tag":[],"class_list":{"0":"post-11646","1":"product","2":"type-product","3":"status-publish","4":"has-post-thumbnail","6":"product_cat-gemmoterapia","8":"first","9":"instock","10":"taxable","11":"shipping-taxable","12":"product-type-simple"},"yoast_head":"<!-- This site is optimized with the Yoast SEO plugin v27.4 - https:\/\/yoast.com\/product\/yoast-seo-wordpress\/ -->\n<title>GEMMOTHERAPY PART I - Akademia R\u00f3\u017ca\u0144ski<\/title>\n<meta name=\"robots\" content=\"index, follow, max-snippet:-1, max-image-preview:large, max-video-preview:-1\" \/>\n<link rel=\"canonical\" href=\"https:\/\/akademia-rozanski.pl\/en\/produkt\/gemmotherapy-part-i\/\" \/>\n<meta property=\"og:locale\" content=\"en_US\" \/>\n<meta property=\"og:type\" content=\"article\" \/>\n<meta property=\"og:title\" content=\"GEMMOTHERAPY PART I - Akademia R\u00f3\u017ca\u0144ski\" \/>\n<meta property=\"og:description\" content=\"TRAINING FORM: ONLINE LECTURE RECORDING     LECTURE TIME: 1.40 H     &nbsp; PROGRAM:   1. INTRODUCTION TO GEMMOTHERAPY   2. PROCESSING OF GEMMOTHERAPEUTIC RAW MATERIAL   3. GEMMOTHERAPY THEN AND TODAY   4. READY-MADE GEMMOTHERAPEUTIC PREPARATIONS PARTICIPANT PROFILE: This training is intended for individuals interested in natural therapeutic methods, particularly phytotherapy and herbal medicine, who wish to expand their knowledge of gemmotherapy. Participants can be both natural medicine enthusiasts and practitioners: phytotherapists, naturopaths, pharmacists, dietitians, or natural therapists.    The &quot;Gemmotherapy \u2013 Part I&quot; training is the first of three online lectures offered by the Dr. R\u00f3\u017ca\u0144ski Academy. The material includes a recording of a lecture given by Dr. Henryk R\u00f3\u017ca\u0144ski, during which participants learn the basics of gemmotherapy, the processing of gemmotherapy raw materials, the historical background, and the characteristics of commercially available preparations.    We invite you to explore the next installments of training materials available for purchase at the Dr. R\u00f3\u017ca\u0144ski Academy. We encourage you to deepen your knowledge by creating a coherent and comprehensive educational path in the field of herbalism.     PAYMENTS: All payments made by the User to pay for access to the lecture recording will be made using the online payment method selected by the User via the Tpay system available on the Website. The final recipient of each payment will be AdiFeed Sp. z o.o.\" \/>\n<meta property=\"og:url\" content=\"https:\/\/akademia-rozanski.pl\/en\/produkt\/gemmotherapy-part-i\/\" \/>\n<meta property=\"og:site_name\" content=\"Akademia R\u00f3\u017ca\u0144ski\" \/>\n<meta property=\"article:publisher\" content=\"https:\/\/www.facebook.com\/AkademiadrRozanskiego\" \/>\n<meta property=\"article:modified_time\" content=\"2026-04-14T10:21:40+00:00\" \/>\n<meta property=\"og:image\" content=\"https:\/\/akademia-rozanski.pl\/wp-content\/uploads\/2025\/06\/Gemmoterapia-CZ.-I.jpg\" \/>\n\t<meta property=\"og:image:width\" content=\"600\" \/>\n\t<meta property=\"og:image:height\" content=\"600\" \/>\n\t<meta property=\"og:image:type\" content=\"image\/jpeg\" \/>\n<meta name=\"twitter:card\" content=\"summary_large_image\" \/>\n<meta name=\"twitter:label1\" content=\"Est. reading time\" \/>\n\t<meta name=\"twitter:data1\" content=\"2 minutes\" \/>\n<script type=\"application\/ld+json\" class=\"yoast-schema-graph\">{\"@context\":\"https:\\\/\\\/schema.org\",\"@graph\":[{\"@type\":\"WebPage\",\"@id\":\"https:\\\/\\\/akademia-rozanski.pl\\\/en\\\/produkt\\\/gemmotherapy-part-i\\\/\",\"url\":\"https:\\\/\\\/akademia-rozanski.pl\\\/en\\\/produkt\\\/gemmotherapy-part-i\\\/\",\"name\":\"GEMMOTHERAPY PART I - Akademia R\u00f3\u017ca\u0144ski\",\"isPartOf\":{\"@id\":\"https:\\\/\\\/akademia-rozanski.pl\\\/#website\"},\"primaryImageOfPage\":{\"@id\":\"https:\\\/\\\/akademia-rozanski.pl\\\/en\\\/produkt\\\/gemmotherapy-part-i\\\/#primaryimage\"},\"image\":{\"@id\":\"https:\\\/\\\/akademia-rozanski.pl\\\/en\\\/produkt\\\/gemmotherapy-part-i\\\/#primaryimage\"},\"thumbnailUrl\":\"https:\\\/\\\/akademia-rozanski.pl\\\/wp-content\\\/uploads\\\/2025\\\/06\\\/Gemmoterapia-CZ.-I.jpg\",\"datePublished\":\"2025-05-22T09:13:46+00:00\",\"dateModified\":\"2026-04-14T10:21:40+00:00\",\"breadcrumb\":{\"@id\":\"https:\\\/\\\/akademia-rozanski.pl\\\/en\\\/produkt\\\/gemmotherapy-part-i\\\/#breadcrumb\"},\"inLanguage\":\"en-US\",\"potentialAction\":[{\"@type\":\"ReadAction\",\"target\":[\"https:\\\/\\\/akademia-rozanski.pl\\\/en\\\/produkt\\\/gemmotherapy-part-i\\\/\"]}]},{\"@type\":\"ImageObject\",\"inLanguage\":\"en-US\",\"@id\":\"https:\\\/\\\/akademia-rozanski.pl\\\/en\\\/produkt\\\/gemmotherapy-part-i\\\/#primaryimage\",\"url\":\"https:\\\/\\\/akademia-rozanski.pl\\\/wp-content\\\/uploads\\\/2025\\\/06\\\/Gemmoterapia-CZ.-I.jpg\",\"contentUrl\":\"https:\\\/\\\/akademia-rozanski.pl\\\/wp-content\\\/uploads\\\/2025\\\/06\\\/Gemmoterapia-CZ.-I.jpg\",\"width\":600,\"height\":600},{\"@type\":\"BreadcrumbList\",\"@id\":\"https:\\\/\\\/akademia-rozanski.pl\\\/en\\\/produkt\\\/gemmotherapy-part-i\\\/#breadcrumb\",\"itemListElement\":[{\"@type\":\"ListItem\",\"position\":1,\"name\":\"Strona g\u0142\u00f3wna\",\"item\":\"https:\\\/\\\/akademia-rozanski.pl\\\/en\\\/\"},{\"@type\":\"ListItem\",\"position\":2,\"name\":\"Sklep\",\"item\":\"https:\\\/\\\/akademia-rozanski.pl\\\/sklep\\\/\"},{\"@type\":\"ListItem\",\"position\":3,\"name\":\"GEMMOTHERAPY PART I\"}]},{\"@type\":\"WebSite\",\"@id\":\"https:\\\/\\\/akademia-rozanski.pl\\\/#website\",\"url\":\"https:\\\/\\\/akademia-rozanski.pl\\\/\",\"name\":\"Akademia R\u00f3\u017ca\u0144ski\",\"description\":\"\",\"publisher\":{\"@id\":\"https:\\\/\\\/akademia-rozanski.pl\\\/#organization\"},\"potentialAction\":[{\"@type\":\"SearchAction\",\"target\":{\"@type\":\"EntryPoint\",\"urlTemplate\":\"https:\\\/\\\/akademia-rozanski.pl\\\/?s={search_term_string}\"},\"query-input\":{\"@type\":\"PropertyValueSpecification\",\"valueRequired\":true,\"valueName\":\"search_term_string\"}}],\"inLanguage\":\"en-US\"},{\"@type\":\"Organization\",\"@id\":\"https:\\\/\\\/akademia-rozanski.pl\\\/#organization\",\"name\":\"Akademia dr R\u00f3\u017ca\u0144skiego\",\"url\":\"https:\\\/\\\/akademia-rozanski.pl\\\/\",\"logo\":{\"@type\":\"ImageObject\",\"inLanguage\":\"en-US\",\"@id\":\"https:\\\/\\\/akademia-rozanski.pl\\\/#\\\/schema\\\/logo\\\/image\\\/\",\"url\":\"https:\\\/\\\/akademia-rozanski.pl\\\/wp-content\\\/uploads\\\/2024\\\/04\\\/logo.png\",\"contentUrl\":\"https:\\\/\\\/akademia-rozanski.pl\\\/wp-content\\\/uploads\\\/2024\\\/04\\\/logo.png\",\"width\":377,\"height\":167,\"caption\":\"Akademia dr R\u00f3\u017ca\u0144skiego\"},\"image\":{\"@id\":\"https:\\\/\\\/akademia-rozanski.pl\\\/#\\\/schema\\\/logo\\\/image\\\/\"},\"sameAs\":[\"https:\\\/\\\/www.facebook.com\\\/AkademiadrRozanskiego\",\"https:\\\/\\\/www.instagram.com\\\/akademiadrrozanskiego\"]}]}<\/script>\n<!-- \/ Yoast SEO plugin. -->","yoast_head_json":{"title":"GEMMOTHERAPY PART I - Akademia R\u00f3\u017ca\u0144ski","robots":{"index":"index","follow":"follow","max-snippet":"max-snippet:-1","max-image-preview":"max-image-preview:large","max-video-preview":"max-video-preview:-1"},"canonical":"https:\/\/akademia-rozanski.pl\/en\/produkt\/gemmotherapy-part-i\/","og_locale":"en_US","og_type":"article","og_title":"GEMMOTHERAPY PART I - Akademia R\u00f3\u017ca\u0144ski","og_description":"TRAINING FORM: ONLINE LECTURE RECORDING     LECTURE TIME: 1.40 H     &nbsp; PROGRAM:   1. INTRODUCTION TO GEMMOTHERAPY   2. PROCESSING OF GEMMOTHERAPEUTIC RAW MATERIAL   3. GEMMOTHERAPY THEN AND TODAY   4. READY-MADE GEMMOTHERAPEUTIC PREPARATIONS PARTICIPANT PROFILE: This training is intended for individuals interested in natural therapeutic methods, particularly phytotherapy and herbal medicine, who wish to expand their knowledge of gemmotherapy. Participants can be both natural medicine enthusiasts and practitioners: phytotherapists, naturopaths, pharmacists, dietitians, or natural therapists.    The \"Gemmotherapy \u2013 Part I\" training is the first of three online lectures offered by the Dr. R\u00f3\u017ca\u0144ski Academy. The material includes a recording of a lecture given by Dr. Henryk R\u00f3\u017ca\u0144ski, during which participants learn the basics of gemmotherapy, the processing of gemmotherapy raw materials, the historical background, and the characteristics of commercially available preparations.    We invite you to explore the next installments of training materials available for purchase at the Dr. R\u00f3\u017ca\u0144ski Academy. We encourage you to deepen your knowledge by creating a coherent and comprehensive educational path in the field of herbalism.     PAYMENTS: All payments made by the User to pay for access to the lecture recording will be made using the online payment method selected by the User via the Tpay system available on the Website. The final recipient of each payment will be AdiFeed Sp. z o.o.","og_url":"https:\/\/akademia-rozanski.pl\/en\/produkt\/gemmotherapy-part-i\/","og_site_name":"Akademia R\u00f3\u017ca\u0144ski","article_publisher":"https:\/\/www.facebook.com\/AkademiadrRozanskiego","article_modified_time":"2026-04-14T10:21:40+00:00","og_image":[{"width":600,"height":600,"url":"https:\/\/akademia-rozanski.pl\/wp-content\/uploads\/2025\/06\/Gemmoterapia-CZ.-I.jpg","type":"image\/jpeg"}],"twitter_card":"summary_large_image","twitter_misc":{"Est. reading time":"2 minutes"},"schema":{"@context":"https:\/\/schema.org","@graph":[{"@type":"WebPage","@id":"https:\/\/akademia-rozanski.pl\/en\/produkt\/gemmotherapy-part-i\/","url":"https:\/\/akademia-rozanski.pl\/en\/produkt\/gemmotherapy-part-i\/","name":"GEMMOTHERAPY PART I - Akademia R\u00f3\u017ca\u0144ski","isPartOf":{"@id":"https:\/\/akademia-rozanski.pl\/#website"},"primaryImageOfPage":{"@id":"https:\/\/akademia-rozanski.pl\/en\/produkt\/gemmotherapy-part-i\/#primaryimage"},"image":{"@id":"https:\/\/akademia-rozanski.pl\/en\/produkt\/gemmotherapy-part-i\/#primaryimage"},"thumbnailUrl":"https:\/\/akademia-rozanski.pl\/wp-content\/uploads\/2025\/06\/Gemmoterapia-CZ.-I.jpg","datePublished":"2025-05-22T09:13:46+00:00","dateModified":"2026-04-14T10:21:40+00:00","breadcrumb":{"@id":"https:\/\/akademia-rozanski.pl\/en\/produkt\/gemmotherapy-part-i\/#breadcrumb"},"inLanguage":"en-US","potentialAction":[{"@type":"ReadAction","target":["https:\/\/akademia-rozanski.pl\/en\/produkt\/gemmotherapy-part-i\/"]}]},{"@type":"ImageObject","inLanguage":"en-US","@id":"https:\/\/akademia-rozanski.pl\/en\/produkt\/gemmotherapy-part-i\/#primaryimage","url":"https:\/\/akademia-rozanski.pl\/wp-content\/uploads\/2025\/06\/Gemmoterapia-CZ.-I.jpg","contentUrl":"https:\/\/akademia-rozanski.pl\/wp-content\/uploads\/2025\/06\/Gemmoterapia-CZ.-I.jpg","width":600,"height":600},{"@type":"BreadcrumbList","@id":"https:\/\/akademia-rozanski.pl\/en\/produkt\/gemmotherapy-part-i\/#breadcrumb","itemListElement":[{"@type":"ListItem","position":1,"name":"Strona g\u0142\u00f3wna","item":"https:\/\/akademia-rozanski.pl\/en\/"},{"@type":"ListItem","position":2,"name":"Sklep","item":"https:\/\/akademia-rozanski.pl\/sklep\/"},{"@type":"ListItem","position":3,"name":"GEMMOTHERAPY PART I"}]},{"@type":"WebSite","@id":"https:\/\/akademia-rozanski.pl\/#website","url":"https:\/\/akademia-rozanski.pl\/","name":"Akademia R\u00f3\u017ca\u0144ski","description":"","publisher":{"@id":"https:\/\/akademia-rozanski.pl\/#organization"},"potentialAction":[{"@type":"SearchAction","target":{"@type":"EntryPoint","urlTemplate":"https:\/\/akademia-rozanski.pl\/?s={search_term_string}"},"query-input":{"@type":"PropertyValueSpecification","valueRequired":true,"valueName":"search_term_string"}}],"inLanguage":"en-US"},{"@type":"Organization","@id":"https:\/\/akademia-rozanski.pl\/#organization","name":"Akademia dr R\u00f3\u017ca\u0144skiego","url":"https:\/\/akademia-rozanski.pl\/","logo":{"@type":"ImageObject","inLanguage":"en-US","@id":"https:\/\/akademia-rozanski.pl\/#\/schema\/logo\/image\/","url":"https:\/\/akademia-rozanski.pl\/wp-content\/uploads\/2024\/04\/logo.png","contentUrl":"https:\/\/akademia-rozanski.pl\/wp-content\/uploads\/2024\/04\/logo.png","width":377,"height":167,"caption":"Akademia dr R\u00f3\u017ca\u0144skiego"},"image":{"@id":"https:\/\/akademia-rozanski.pl\/#\/schema\/logo\/image\/"},"sameAs":["https:\/\/www.facebook.com\/AkademiadrRozanskiego","https:\/\/www.instagram.com\/akademiadrrozanskiego"]}]}},"jetpack_sharing_enabled":true,"_links":{"self":[{"href":"https:\/\/akademia-rozanski.pl\/en\/wp-json\/wp\/v2\/product\/11646","targetHints":{"allow":["GET"]}}],"collection":[{"href":"https:\/\/akademia-rozanski.pl\/en\/wp-json\/wp\/v2\/product"}],"about":[{"href":"https:\/\/akademia-rozanski.pl\/en\/wp-json\/wp\/v2\/types\/product"}],"wp:featuredmedia":[{"embeddable":true,"href":"https:\/\/akademia-rozanski.pl\/en\/wp-json\/wp\/v2\/media\/11647"}],"wp:attachment":[{"href":"https:\/\/akademia-rozanski.pl\/en\/wp-json\/wp\/v2\/media?parent=11646"}],"wp:term":[{"taxonomy":"product_brand","embeddable":true,"href":"https:\/\/akademia-rozanski.pl\/en\/wp-json\/wp\/v2\/product_brand?post=11646"},{"taxonomy":"product_cat","embeddable":true,"href":"https:\/\/akademia-rozanski.pl\/en\/wp-json\/wp\/v2\/product_cat?post=11646"},{"taxonomy":"product_tag","embeddable":true,"href":"https:\/\/akademia-rozanski.pl\/en\/wp-json\/wp\/v2\/product_tag?post=11646"}],"curies":[{"name":"wp","href":"https:\/\/api.w.org\/{rel}","templated":true}]}}